{"id":6796,"date":"2025-07-12T14:11:48","date_gmt":"2025-07-12T12:11:48","guid":{"rendered":"https:\/\/piecesauto-express.com\/?post_type=product&#038;p=6796"},"modified":"2025-12-19T23:06:23","modified_gmt":"2025-12-19T22:06:23","slug":"kit-de-courroies-trapezoidales-a-nervures-renault-nissan-1-5-dci-7701476475","status":"publish","type":"product","link":"https:\/\/piecesauto-express.com\/index.php\/product\/kit-de-courroies-trapezoidales-a-nervures-renault-nissan-1-5-dci-7701476475\/","title":{"rendered":"Kit de courroies trap\u00e9zo\u00efdales \u00e0 nervures Renault + Nissan 1.5 DCI (Origine) 7701476475"},"content":{"rendered":"<p><img decoding=\"async\" class=\"\" src=\"https:\/\/i.pinimg.com\/474x\/14\/7a\/ec\/147aec486f4c2a738ab50c1d07d45fdc.jpg\" alt=\"Renault Logo PNG Vector (EPS) Free Download\" width=\"40\" height=\"40\" \/><\/p>\n<ul>\n<li><strong>REFERENCE<\/strong> : 7701476475<\/li>\n<li><strong>FABRICANT<\/strong> : RENAULT ORIGINE<\/li>\n<li><strong>DACIA OEM <\/strong>:\u00a0<span class=\"mdc-list-item__content\"><span class=\"mat-mdc-list-item-unscoped-content mdc-list-item__primary-text\">7700300347 , <\/span><\/span><span class=\"mdc-list-item__content\"><span class=\"mat-mdc-list-item-unscoped-content mdc-list-item__primary-text\">7701476475 ,\u00a0<\/span><\/span><span class=\"mdc-list-item__content\"><span class=\"mat-mdc-list-item-unscoped-content mdc-list-item__primary-text\">8200048486 ,\u00a0<\/span><\/span><span class=\"mdc-list-item__content\"><span class=\"mat-mdc-list-item-unscoped-content mdc-list-item__primary-text\">8200275844 ,\u00a0<\/span><\/span><span class=\"mdc-list-item__content\"><span class=\"mat-mdc-list-item-unscoped-content mdc-list-item__primary-text\">8200371058 ,\u00a0<\/span><\/span><span class=\"mdc-list-item__content\"><span class=\"mat-mdc-list-item-unscoped-content mdc-list-item__primary-text\">820085009<\/span><\/span><\/li>\n<li><strong>NISSAN OEM<\/strong> : 11720-BN701 , 1172000Q1U , 11955-00QAG , 11955-BN701 , 11955-BN70<\/li>\n<li><strong>RENAULT OEM :\u00a0<\/strong><span class=\"mdc-list-item__content\"><span class=\"mat-mdc-list-item-unscoped-content mdc-list-item__primary-text\">7700300347 , <\/span><\/span><span class=\"mdc-list-item__content\"><span class=\"mat-mdc-list-item-unscoped-content mdc-list-item__primary-text\">7701476475 ,\u00a0<\/span><\/span><span class=\"mdc-list-item__content\"><span class=\"mat-mdc-list-item-unscoped-content mdc-list-item__primary-text\">8200048486 ,\u00a0<\/span><\/span><span class=\"mdc-list-item__content\"><span class=\"mat-mdc-list-item-unscoped-content mdc-list-item__primary-text\">8200275844 ,\u00a0<\/span><\/span><span class=\"mdc-list-item__content\"><span class=\"mat-mdc-list-item-unscoped-content mdc-list-item__primary-text\">8200371058 ,\u00a0<\/span><\/span><span class=\"mdc-list-item__content\"><span class=\"mat-mdc-list-item-unscoped-content mdc-list-item__primary-text\">820085009<\/span><\/span><\/li>\n<\/ul>\n<div class=\"mat-mdc-focus-indicator\"><\/div>\n<h5><\/h5>\n","protected":false},"excerpt":{"rendered":"<p><img decoding=\"async\" class=\"\" src=\"https:\/\/i.pinimg.com\/474x\/14\/7a\/ec\/147aec486f4c2a738ab50c1d07d45fdc.jpg\" alt=\"Renault Logo PNG Vector (EPS) Free Download\" width=\"40\" height=\"40\" \/><\/p>\n<p><strong>Compatibilit\u00e9<\/strong> :<\/p>\n<ul>\n<li>Renault : Clio II (BB0\/1\/2_, CB0\/1\/2_) 1.4 16V 95ch ( 10-1999 &gt; 09-2004 ) 1.4 16V 98ch (08-2000 &gt; 07-2008)<\/li>\n<li>Renault : Clio Classic (LB0\/1\/2_) 1.5 DCI 65ch ( 04-2002 &gt; &#8212;- ) 1.5 DCI 68ch ( 02-2003 &gt; &#8212;- )<\/li>\n<li>Renault : Grand Scenic II 1.5 DCI 101ch ( 04-2004 &gt; 11-2008 ) 1.6 113ch ( 04-2004 &gt; 08-2006 )<\/li>\n<li>Renault : Kangoo (FC0\/1_) 1.5 DCI 65ch ( 12-2001 &gt; &#8212;- ) 1.5 DCI 68ch ( 06-2005 &gt; &#8212;- )<\/li>\n<li>Renault : Megane II (BM0\/1_, CM0\/1_) 1.4 16V 98ch (11-2002 &gt; 02-2008) 1.4 16V 82ch ( 10-2003 &gt; 02-2008 )<\/li>\n<li>Renault : Megane II \u00e0 trois volumes (LM0\/1_) 1.4 82ch ( 09-2003 &gt; &#8212;- ) 1.4 98ch ( 09-2003 &gt; &#8212;- )<\/li>\n<li>Renault : Megane Break (KM0\/1_) 1.4 98ch (08-2003 &gt; 07-2009) 1.5 DCI 82ch ( 08-2003 &gt; 05-2006 )<\/li>\n<li>Renault : Coup\u00e9-Cabriolet (EM0\/1_) 1.6 113ch ( 09-2003 &gt; 03-2009 ) 1.6 16V 112ch ( 01-2006 &gt; 06-2008 )<\/li>\n<li>Renault : Modus \/ Grand Modus (F\/JP0_) 1.5 DCI 65ch ( 12-2004 &gt; &#8212;- ) 1.5 DCI 82ch ( 09-2004 &gt; &#8212;- )<\/li>\n<li>Renault : Scenic II (JM0\/1_) 1.4 98ch (06-2003 &gt; 11-2008) 1.5 DCI 82ch ( 06-2003 &gt; 05-2006 )<\/li>\n<li>Renault : Symbol (LU1\/2_) 1.5 DCI 85ch ( 09-2008 &gt;)<\/li>\n<\/ul>\n<p>&nbsp;<\/p>\n","protected":false},"featured_media":6797,"comment_status":"closed","ping_status":"closed","template":"","meta":[],"product_cat":[383,245,521],"product_tag":[388],"class_list":{"0":"post-6796","1":"product","2":"type-product","3":"status-publish","4":"has-post-thumbnail","6":"product_brand-dacia","7":"product_brand-nissan","8":"product_brand-renault","9":"product_cat-courroie-alternateur","10":"product_cat-tendeur-courroie","11":"product_cat-moteur","12":"product_tag-kit-de-courroie","13":"pa_car-engine-1-5-dci","14":"pa_car-makes-renault","15":"pa_car-model-clio-ii","16":"pa_car-model-grand-scenic-ii-jm0-1_-04-2004-06-2009","17":"pa_car-model-kangoo","18":"pa_car-model-megane-ii-break-km0-1_-08-2003-08-2012","19":"pa_car-model-megane-ii-coupe-cabriolet-em0-1_","20":"pa_car-model-megane-ii","21":"pa_car-model-megane-ii-a-trois-volumes-lm0-1_-08-2003","22":"pa_car-model-modus","23":"pa_car-model-scenic-ii","24":"pa_car-model-symbol-i","25":"pa_car-year-36","26":"pa_car-year-385","27":"pa_car-year-392","28":"pa_car-year-373","29":"pa_car-year-413","31":"first","32":"outofstock","33":"taxable","34":"shipping-taxable","35":"purchasable","36":"product-type-simple"},"_links":{"self":[{"href":"https:\/\/piecesauto-express.com\/index.php\/wp-json\/wp\/v2\/product\/6796","targetHints":{"allow":["GET"]}}],"collection":[{"href":"https:\/\/piecesauto-express.com\/index.php\/wp-json\/wp\/v2\/product"}],"about":[{"href":"https:\/\/piecesauto-express.com\/index.php\/wp-json\/wp\/v2\/types\/product"}],"replies":[{"embeddable":true,"href":"https:\/\/piecesauto-express.com\/index.php\/wp-json\/wp\/v2\/comments?post=6796"}],"wp:featuredmedia":[{"embeddable":true,"href":"https:\/\/piecesauto-express.com\/index.php\/wp-json\/wp\/v2\/media\/6797"}],"wp:attachment":[{"href":"https:\/\/piecesauto-express.com\/index.php\/wp-json\/wp\/v2\/media?parent=6796"}],"wp:term":[{"taxonomy":"product_cat","embeddable":true,"href":"https:\/\/piecesauto-express.com\/index.php\/wp-json\/wp\/v2\/product_cat?post=6796"},{"taxonomy":"product_tag","embeddable":true,"href":"https:\/\/piecesauto-express.com\/index.php\/wp-json\/wp\/v2\/product_tag?post=6796"}],"curies":[{"name":"wp","href":"https:\/\/api.w.org\/{rel}","templated":true}]}}