{"id":6951,"date":"2025-07-24T12:47:26","date_gmt":"2025-07-24T10:47:26","guid":{"rendered":"https:\/\/piecesauto-express.com\/?post_type=product&#038;p=6951"},"modified":"2025-10-07T12:46:18","modified_gmt":"2025-10-07T10:46:18","slug":"feu-arriere-express-am-droite-02-1986-05-1992","status":"publish","type":"product","link":"https:\/\/piecesauto-express.com\/index.php\/product\/feu-arriere-express-am-droite-02-1986-05-1992\/","title":{"rendered":"Feu Arri\u00e8re Renault Express (Phase 1) Droite (1986->05\/1992)"},"content":{"rendered":"<p><img decoding=\"async\" class=\"\" src=\"https:\/\/www.piecesautos.tn\/static\/equipementier_pics\/150X150\/150X150DEPO.png\" width=\"75\" height=\"25\" \/><\/p>\n<ul>\n<li><strong>REFERENCE<\/strong> : 551-1915R-U<\/li>\n<li><strong>FABRICANT<\/strong>\u00a0: DEPO<\/li>\n<li><strong>RENAULT OEM<\/strong> : 7701031916<\/li>\n<li><strong>VALEO<\/strong> : 082308<\/li>\n<\/ul>\n<p>&nbsp;<\/p>\n","protected":false},"excerpt":{"rendered":"<p><img decoding=\"async\" class=\"\" src=\"https:\/\/www.piecesautos.tn\/static\/equipementier_pics\/150X150\/150X150DEPO.png\" width=\"75\" height=\"25\" \/><\/p>\n<p><strong>Compatibilit\u00e9<\/strong>\u00a0:<\/p>\n<ul>\n<li>Renault : Express (Phase 1) (02\/1986-&gt;05\/1992)<\/li>\n<\/ul>\n<p><strong>Attributs de l\u2019article<\/strong>\u00a0:<\/p>\n<ul>\n<li>C\u00f4t\u00e9 d\u2019assemblage : droite<\/li>\n<li>Pour v\u00e9hicule avec direction \u00e0 gauche ou \u00e0 droite<\/li>\n<li>Info compl\u00e9mentaire : sans porte lampe<\/li>\n<\/ul>\n<p>&nbsp;<\/p>\n","protected":false},"featured_media":6955,"comment_status":"closed","ping_status":"closed","template":"","meta":[],"product_cat":[220,217,300,510],"product_tag":[473],"class_list":{"0":"post-6951","1":"product","2":"type-product","3":"status-publish","4":"has-post-thumbnail","6":"product_brand-renault","7":"product_cat-carosserie","8":"product_cat-eclairage","9":"product_cat-feu-arriere","10":"product_cat-electricite","11":"product_tag-feux-arriere","12":"pa_car-engine-1-0","13":"pa_car-engine-1-1","14":"pa_car-engine-1-2","15":"pa_car-engine-1-4","16":"pa_car-engine-1-6-d","17":"pa_car-engine-1-9-d","18":"pa_car-makes-renault","19":"pa_car-model-express","20":"pa_car-year-481","21":"pa_car-year-482","22":"pa_car-year-483","23":"pa_car-year-484","24":"pa_car-year-485","25":"pa_car-year-471","26":"pa_car-year-472","28":"first","29":"instock","30":"taxable","31":"shipping-taxable","32":"purchasable","33":"product-type-simple"},"_links":{"self":[{"href":"https:\/\/piecesauto-express.com\/index.php\/wp-json\/wp\/v2\/product\/6951","targetHints":{"allow":["GET"]}}],"collection":[{"href":"https:\/\/piecesauto-express.com\/index.php\/wp-json\/wp\/v2\/product"}],"about":[{"href":"https:\/\/piecesauto-express.com\/index.php\/wp-json\/wp\/v2\/types\/product"}],"replies":[{"embeddable":true,"href":"https:\/\/piecesauto-express.com\/index.php\/wp-json\/wp\/v2\/comments?post=6951"}],"wp:featuredmedia":[{"embeddable":true,"href":"https:\/\/piecesauto-express.com\/index.php\/wp-json\/wp\/v2\/media\/6955"}],"wp:attachment":[{"href":"https:\/\/piecesauto-express.com\/index.php\/wp-json\/wp\/v2\/media?parent=6951"}],"wp:term":[{"taxonomy":"product_cat","embeddable":true,"href":"https:\/\/piecesauto-express.com\/index.php\/wp-json\/wp\/v2\/product_cat?post=6951"},{"taxonomy":"product_tag","embeddable":true,"href":"https:\/\/piecesauto-express.com\/index.php\/wp-json\/wp\/v2\/product_tag?post=6951"}],"curies":[{"name":"wp","href":"https:\/\/api.w.org\/{rel}","templated":true}]}}