{"id":6958,"date":"2025-07-24T15:17:05","date_gmt":"2025-07-24T13:17:05","guid":{"rendered":"https:\/\/piecesauto-express.com\/?post_type=product&#038;p=6958"},"modified":"2025-11-13T09:50:04","modified_gmt":"2025-11-13T08:50:04","slug":"feu-arriere-partner-iii-tepee-berlingo-iii-b9-droite","status":"publish","type":"product","link":"https:\/\/piecesauto-express.com\/index.php\/product\/feu-arriere-partner-iii-tepee-berlingo-iii-b9-droite\/","title":{"rendered":"Feu Arri\u00e8re Peugeot Partner III Tepee \/ Berlingo III (B9) (5 Places) Droite"},"content":{"rendered":"<p><img decoding=\"async\" class=\"\" src=\"https:\/\/www.piecesautos.tn\/static\/equipementier_pics\/150X150\/150X150DEPO.png\" width=\"84\" height=\"28\" \/><\/p>\n<ul>\n<li><strong>REFERENCE<\/strong> : 552-1933R-UE<\/li>\n<li><strong>FABRICANT<\/strong> : DEPO<\/li>\n<li><strong>CITRO\u00cbN OEM<\/strong> : 6351FH<\/li>\n<li><strong>PEUGEOT OEM<\/strong> : 6351FH<\/li>\n<\/ul>\n","protected":false},"excerpt":{"rendered":"<div class=\"saam-segment-headline ng-tns-c381-583\">\n<p><img decoding=\"async\" class=\"\" src=\"https:\/\/www.piecesautos.tn\/static\/equipementier_pics\/150X150\/150X150DEPO.png\" width=\"84\" height=\"28\" \/><\/p>\n<p><strong>Compatibilit\u00e9<\/strong> :<\/p>\n<ul>\n<li>Peugeot : Partner Tepee (B9) (04\/2008-&gt;04\/2016)<\/li>\n<li>Citro\u00ebn : Berlingo Tepee (B9) (04\/2008-&gt;04\/2016)<\/li>\n<\/ul>\n<p><strong>Attributs de l&rsquo;article<\/strong> :<\/p>\n<ul>\n<li>C\u00f4t\u00e9 d&rsquo;assemblage : droite<\/li>\n<li>Type de lampe : <span class=\"csv ng-tns-c333-586 ng-star-inserted\">P21W<\/span><span class=\"csv ng-tns-c333-586 ng-star-inserted\">P21\/5W<\/span><span class=\"csv ng-tns-c333-586 ng-star-inserted\">PY21W<\/span><\/li>\n<li>Pour v\u00e9hicule avec direction \u00e0 gauche ou \u00e0 droite<\/li>\n<li>Info compl\u00e9mentaire : sans porte lampe<\/li>\n<li>Nombre de portes : 1<\/li>\n<li>Couleur du voyant :\u00a0rouge<\/li>\n<\/ul>\n<\/div>\n<div class=\"saam-segment-headline ng-tns-c381-583\"><\/div>\n","protected":false},"featured_media":6967,"comment_status":"closed","ping_status":"closed","template":"","meta":[],"product_cat":[220,217,300,510],"product_tag":[473],"class_list":{"0":"post-6958","1":"product","2":"type-product","3":"status-publish","4":"has-post-thumbnail","6":"product_brand-citroen","7":"product_brand-peugeot","8":"product_cat-carosserie","9":"product_cat-eclairage","10":"product_cat-feu-arriere","11":"product_cat-electricite","12":"product_tag-feux-arriere","13":"pa_car-engine-1-2-thp","14":"pa_car-engine-1-6","15":"pa_car-engine-1-6-bluehdi","16":"pa_car-engine-1-6-hdi","17":"pa_car-engine-1-6-vti","18":"pa_car-makes-peugeot","19":"pa_car-model-partner-b9-tepee-04-2008","20":"pa_car-year-421","21":"pa_car-year-438","22":"pa_car-year-439","23":"pa_car-year-440","24":"pa_car-year-441","25":"pa_car-year-442","26":"pa_car-year-443","27":"pa_car-year-445","29":"first","30":"instock","31":"taxable","32":"shipping-taxable","33":"purchasable","34":"product-type-simple"},"_links":{"self":[{"href":"https:\/\/piecesauto-express.com\/index.php\/wp-json\/wp\/v2\/product\/6958","targetHints":{"allow":["GET"]}}],"collection":[{"href":"https:\/\/piecesauto-express.com\/index.php\/wp-json\/wp\/v2\/product"}],"about":[{"href":"https:\/\/piecesauto-express.com\/index.php\/wp-json\/wp\/v2\/types\/product"}],"replies":[{"embeddable":true,"href":"https:\/\/piecesauto-express.com\/index.php\/wp-json\/wp\/v2\/comments?post=6958"}],"wp:featuredmedia":[{"embeddable":true,"href":"https:\/\/piecesauto-express.com\/index.php\/wp-json\/wp\/v2\/media\/6967"}],"wp:attachment":[{"href":"https:\/\/piecesauto-express.com\/index.php\/wp-json\/wp\/v2\/media?parent=6958"}],"wp:term":[{"taxonomy":"product_cat","embeddable":true,"href":"https:\/\/piecesauto-express.com\/index.php\/wp-json\/wp\/v2\/product_cat?post=6958"},{"taxonomy":"product_tag","embeddable":true,"href":"https:\/\/piecesauto-express.com\/index.php\/wp-json\/wp\/v2\/product_tag?post=6958"}],"curies":[{"name":"wp","href":"https:\/\/api.w.org\/{rel}","templated":true}]}}