{"id":6968,"date":"2025-07-24T15:24:48","date_gmt":"2025-07-24T13:24:48","guid":{"rendered":"https:\/\/piecesauto-express.com\/?post_type=product&#038;p=6968"},"modified":"2025-11-13T09:49:35","modified_gmt":"2025-11-13T08:49:35","slug":"feu-arriere-partner-iii-tepee-berlingo-iii-b9-gauche","status":"publish","type":"product","link":"https:\/\/piecesauto-express.com\/index.php\/product\/feu-arriere-partner-iii-tepee-berlingo-iii-b9-gauche\/","title":{"rendered":"Feu Arri\u00e8re Peugeot Partner III Tepee \/ Berlingo III (B9) (5 Places) Gauche"},"content":{"rendered":"<p><img decoding=\"async\" class=\"\" src=\"https:\/\/www.piecesautos.tn\/static\/equipementier_pics\/150X150\/150X150DEPO.png\" width=\"84\" height=\"28\" \/><\/p>\n<ul>\n<li><strong>REFERENCE<\/strong> : 552-1933L-UE<\/li>\n<li><strong>FABRICANT<\/strong>\u00a0: DEPO<\/li>\n<li><strong>CITRO\u00cbN OEM<\/strong> : 6350FH<\/li>\n<li><strong>PEUGEOT OEM<\/strong> : 6350FH<\/li>\n<\/ul>\n","protected":false},"excerpt":{"rendered":"<p><img decoding=\"async\" class=\"\" src=\"https:\/\/www.piecesautos.tn\/static\/equipementier_pics\/150X150\/150X150DEPO.png\" width=\"84\" height=\"28\" \/><\/p>\n<p><strong>Compatibilit\u00e9<\/strong>\u00a0:<\/p>\n<ul>\n<li>Peugeot : Partner Tepee (B9) (04\/2008-&gt;04\/2016)<\/li>\n<li>Citro\u00ebn : Berlingo Tepee (B9) (04\/2008-&gt;04\/2016)<\/li>\n<\/ul>\n<p><strong>Attributs de l\u2019article<\/strong>\u00a0:<\/p>\n<ul>\n<li>C\u00f4t\u00e9 d\u2019assemblage : gauche<\/li>\n<li>Type de lampe :\u00a0<span class=\"csv ng-tns-c333-586 ng-star-inserted\">P21W<\/span><span class=\"csv ng-tns-c333-586 ng-star-inserted\">P21\/5W<\/span><span class=\"csv ng-tns-c333-586 ng-star-inserted\">PY21W<\/span><\/li>\n<li>Pour v\u00e9hicule avec direction \u00e0 gauche ou \u00e0 droite<\/li>\n<li>Info compl\u00e9mentaire : sans porte lampe<\/li>\n<li>Nombre de portes : 1<\/li>\n<li>Couleur du voyant :\u00a0rouge<\/li>\n<\/ul>\n","protected":false},"featured_media":6969,"comment_status":"closed","ping_status":"closed","template":"","meta":[],"product_cat":[220,217,300,510],"product_tag":[473],"class_list":{"0":"post-6968","1":"product","2":"type-product","3":"status-publish","4":"has-post-thumbnail","6":"product_brand-citroen","7":"product_brand-peugeot","8":"product_cat-carosserie","9":"product_cat-eclairage","10":"product_cat-feu-arriere","11":"product_cat-electricite","12":"product_tag-feux-arriere","13":"pa_car-engine-1-2-thp","14":"pa_car-engine-1-6","15":"pa_car-engine-1-6-bluehdi","16":"pa_car-engine-1-6-hdi","17":"pa_car-engine-1-6-vti","18":"pa_car-makes-peugeot","19":"pa_car-model-partner-b9-tepee-04-2008","20":"pa_car-year-421","21":"pa_car-year-438","22":"pa_car-year-439","23":"pa_car-year-440","24":"pa_car-year-441","25":"pa_car-year-442","26":"pa_car-year-443","27":"pa_car-year-445","29":"first","30":"instock","31":"taxable","32":"shipping-taxable","33":"purchasable","34":"product-type-simple"},"_links":{"self":[{"href":"https:\/\/piecesauto-express.com\/index.php\/wp-json\/wp\/v2\/product\/6968","targetHints":{"allow":["GET"]}}],"collection":[{"href":"https:\/\/piecesauto-express.com\/index.php\/wp-json\/wp\/v2\/product"}],"about":[{"href":"https:\/\/piecesauto-express.com\/index.php\/wp-json\/wp\/v2\/types\/product"}],"replies":[{"embeddable":true,"href":"https:\/\/piecesauto-express.com\/index.php\/wp-json\/wp\/v2\/comments?post=6968"}],"wp:featuredmedia":[{"embeddable":true,"href":"https:\/\/piecesauto-express.com\/index.php\/wp-json\/wp\/v2\/media\/6969"}],"wp:attachment":[{"href":"https:\/\/piecesauto-express.com\/index.php\/wp-json\/wp\/v2\/media?parent=6968"}],"wp:term":[{"taxonomy":"product_cat","embeddable":true,"href":"https:\/\/piecesauto-express.com\/index.php\/wp-json\/wp\/v2\/product_cat?post=6968"},{"taxonomy":"product_tag","embeddable":true,"href":"https:\/\/piecesauto-express.com\/index.php\/wp-json\/wp\/v2\/product_tag?post=6968"}],"curies":[{"name":"wp","href":"https:\/\/api.w.org\/{rel}","templated":true}]}}