{"id":7124,"date":"2025-08-01T12:54:28","date_gmt":"2025-08-01T10:54:28","guid":{"rendered":"https:\/\/piecesauto-express.com\/?post_type=product&#038;p=7124"},"modified":"2025-10-07T17:46:27","modified_gmt":"2025-10-07T15:46:27","slug":"support-boite-fiat-punto-i-gauche-9001327","status":"publish","type":"product","link":"https:\/\/piecesauto-express.com\/index.php\/product\/support-boite-fiat-punto-i-gauche-9001327\/","title":{"rendered":"Support Boite De Vitesse Fiat Punto Gauche (1993->1999)"},"content":{"rendered":"<p><img decoding=\"async\" class=\"\" src=\"https:\/\/www.piecesautos.tn\/static\/equipementier_pics\/150X150\/150X150SASIC.svg\" width=\"55\" height=\"31\" \/><\/p>\n<ul>\n<li><b>REFERENCE <\/b>: 9001327<\/li>\n<li><strong>FABRICANT<\/strong> : SASIC<\/li>\n<li><strong>FIAT OEM<\/strong> : 7765891<\/li>\n<\/ul>\n<p>&nbsp;<\/p>\n","protected":false},"excerpt":{"rendered":"<p><img decoding=\"async\" class=\"\" src=\"https:\/\/www.piecesautos.tn\/static\/equipementier_pics\/150X150\/150X150SASIC.svg\" width=\"57\" height=\"32\" \/><\/p>\n<p><strong>Compatibilit\u00e9<\/strong> :<\/p>\n<ul>\n<li>Fiat : Punto (09\/1993-&gt;09\/1999)<\/li>\n<\/ul>\n<p><strong>Attributs de l&rsquo;article <\/strong>:<\/p>\n<ul>\n<li>C\u00f4t\u00e9 d&rsquo;assemblage : Du c\u00f4t\u00e9 de la bo\u00eete de vitesse<\/li>\n<li>Type de suspension : Support m\u00e9tal-caoutchouc<\/li>\n<\/ul>\n<p>&nbsp;<\/p>\n<p>&nbsp;<\/p>\n","protected":false},"featured_media":7125,"comment_status":"closed","ping_status":"closed","template":"","meta":[],"product_cat":[521,295,294],"product_tag":[593],"class_list":{"0":"post-7124","1":"product","2":"type-product","3":"status-publish","4":"has-post-thumbnail","6":"product_brand-fiat","7":"product_cat-moteur","8":"product_cat-support-boite-vitesse","9":"product_cat-support-moteur","10":"product_tag-support-boite-vitesse","11":"pa_car-engine-1-1","12":"pa_car-engine-1-2","13":"pa_car-engine-1-2-16v","14":"pa_car-engine-1-4","15":"pa_car-engine-1-7-d","16":"pa_car-makes-fiat","17":"pa_car-model-punto-i-09-1993-09-1999","18":"pa_car-year-459","19":"pa_car-year-34","20":"pa_car-year-460","21":"pa_car-year-461","22":"pa_car-year-462","23":"pa_car-year-35","24":"pa_car-year-390","26":"first","27":"instock","28":"taxable","29":"shipping-taxable","30":"purchasable","31":"product-type-simple"},"_links":{"self":[{"href":"https:\/\/piecesauto-express.com\/index.php\/wp-json\/wp\/v2\/product\/7124","targetHints":{"allow":["GET"]}}],"collection":[{"href":"https:\/\/piecesauto-express.com\/index.php\/wp-json\/wp\/v2\/product"}],"about":[{"href":"https:\/\/piecesauto-express.com\/index.php\/wp-json\/wp\/v2\/types\/product"}],"replies":[{"embeddable":true,"href":"https:\/\/piecesauto-express.com\/index.php\/wp-json\/wp\/v2\/comments?post=7124"}],"wp:featuredmedia":[{"embeddable":true,"href":"https:\/\/piecesauto-express.com\/index.php\/wp-json\/wp\/v2\/media\/7125"}],"wp:attachment":[{"href":"https:\/\/piecesauto-express.com\/index.php\/wp-json\/wp\/v2\/media?parent=7124"}],"wp:term":[{"taxonomy":"product_cat","embeddable":true,"href":"https:\/\/piecesauto-express.com\/index.php\/wp-json\/wp\/v2\/product_cat?post=7124"},{"taxonomy":"product_tag","embeddable":true,"href":"https:\/\/piecesauto-express.com\/index.php\/wp-json\/wp\/v2\/product_tag?post=7124"}],"curies":[{"name":"wp","href":"https:\/\/api.w.org\/{rel}","templated":true}]}}