{"id":7412,"date":"2025-08-14T12:21:01","date_gmt":"2025-08-14T10:21:01","guid":{"rendered":"https:\/\/piecesauto-express.com\/?post_type=product&#038;p=7412"},"modified":"2025-12-05T18:23:20","modified_gmt":"2025-12-05T17:23:20","slug":"retroviseur-exterieur-opel-swing-droite-1993-2000-copie","status":"publish","type":"product","link":"https:\/\/piecesauto-express.com\/index.php\/product\/retroviseur-exterieur-opel-swing-droite-1993-2000-copie\/","title":{"rendered":"R\u00e9troviseur ext\u00e9rieur Opel Swing Droite (1993->2000)"},"content":{"rendered":"<p><img decoding=\"async\" class=\"\" src=\"https:\/\/www.piecesautos.tn\/static\/equipementier_pics\/150X150\/150X150Alkar.svg\" width=\"113\" height=\"24\" \/><\/p>\n<ul>\n<li><strong>REFERENCE<\/strong> : 6102417<\/li>\n<li><strong>FABRICANT<\/strong> : ALKAR<\/li>\n<li><strong>OPEL OEM <\/strong>: 1427442 , 1427487 , 1428811<\/li>\n<\/ul>\n","protected":false},"excerpt":{"rendered":"<p><img decoding=\"async\" class=\"\" src=\"https:\/\/www.piecesautos.tn\/static\/equipementier_pics\/150X150\/150X150Alkar.svg\" width=\"112\" height=\"24\" \/><\/p>\n<p><strong>Compatibilit\u00e9<\/strong> :<\/p>\n<ul>\n<li>Opel Corsa B (Swing) : (03\/1993-&gt;09\/2000)<\/li>\n<\/ul>\n<p><strong>Attributs de l&rsquo;article<\/strong> :<\/p>\n<ul>\n<li>C\u00f4t\u00e9 d&rsquo;assemblage : droite<\/li>\n<li>Pour v\u00e9hicule avec direction \u00e0 gauche<\/li>\n<li>R\u00e9troviseur \u00e0 r\u00e9glage : Manuel<\/li>\n<\/ul>\n<p>&nbsp;<\/p>\n<div class=\"product__features-title\">\n<p>&nbsp;<\/p>\n<\/div>\n","protected":false},"featured_media":7415,"comment_status":"closed","ping_status":"closed","template":"","meta":[],"product_cat":[220,380],"product_tag":[519],"class_list":{"0":"post-7412","1":"product","2":"type-product","3":"status-publish","4":"has-post-thumbnail","6":"product_brand-opel","7":"product_cat-carosserie","8":"product_cat-retroviseur","9":"product_tag-retroviseur","10":"pa_car-engine-1-0","11":"pa_car-engine-1-2","12":"pa_car-engine-1-4","13":"pa_car-engine-1-4-16v","14":"pa_car-engine-1-5-d","15":"pa_car-engine-1-5-td","16":"pa_car-engine-1-6","17":"pa_car-engine-1-6-16v","18":"pa_car-engine-1-7-d","19":"pa_car-makes-opel","20":"pa_car-model-corsa-b","21":"pa_car-year-459","22":"pa_car-year-34","23":"pa_car-year-460","24":"pa_car-year-461","25":"pa_car-year-462","26":"pa_car-year-35","27":"pa_car-year-390","28":"pa_car-year-391","30":"first","31":"instock","32":"taxable","33":"shipping-taxable","34":"purchasable","35":"product-type-simple"},"_links":{"self":[{"href":"https:\/\/piecesauto-express.com\/index.php\/wp-json\/wp\/v2\/product\/7412","targetHints":{"allow":["GET"]}}],"collection":[{"href":"https:\/\/piecesauto-express.com\/index.php\/wp-json\/wp\/v2\/product"}],"about":[{"href":"https:\/\/piecesauto-express.com\/index.php\/wp-json\/wp\/v2\/types\/product"}],"replies":[{"embeddable":true,"href":"https:\/\/piecesauto-express.com\/index.php\/wp-json\/wp\/v2\/comments?post=7412"}],"wp:featuredmedia":[{"embeddable":true,"href":"https:\/\/piecesauto-express.com\/index.php\/wp-json\/wp\/v2\/media\/7415"}],"wp:attachment":[{"href":"https:\/\/piecesauto-express.com\/index.php\/wp-json\/wp\/v2\/media?parent=7412"}],"wp:term":[{"taxonomy":"product_cat","embeddable":true,"href":"https:\/\/piecesauto-express.com\/index.php\/wp-json\/wp\/v2\/product_cat?post=7412"},{"taxonomy":"product_tag","embeddable":true,"href":"https:\/\/piecesauto-express.com\/index.php\/wp-json\/wp\/v2\/product_tag?post=7412"}],"curies":[{"name":"wp","href":"https:\/\/api.w.org\/{rel}","templated":true}]}}