{"id":7443,"date":"2025-08-15T15:28:41","date_gmt":"2025-08-15T13:28:41","guid":{"rendered":"https:\/\/piecesauto-express.com\/?post_type=product&#038;p=7443"},"modified":"2025-10-10T18:43:35","modified_gmt":"2025-10-10T16:43:35","slug":"retroviseur-exterieur-fiat-punto-droite-09-1993-09-1999","status":"publish","type":"product","link":"https:\/\/piecesauto-express.com\/index.php\/product\/retroviseur-exterieur-fiat-punto-droite-09-1993-09-1999\/","title":{"rendered":"R\u00e9troviseur ext\u00e9rieur Fiat Punto Droite (1993->1999)"},"content":{"rendered":"<p><img decoding=\"async\" class=\"\" src=\"https:\/\/www.piecesautos.tn\/static\/equipementier_pics\/150X150\/150X150Alkar.svg\" width=\"113\" height=\"24\" \/><\/p>\n<ul>\n<li><strong>REFERENCE<\/strong> : 6165493<\/li>\n<li><strong>FABRICANT<\/strong> : ALKAR<\/li>\n<li><strong>FIAT OEM <\/strong>: 5894424 , 0071712587 , 71712587<\/li>\n<\/ul>\n","protected":false},"excerpt":{"rendered":"<p><img decoding=\"async\" class=\"\" src=\"https:\/\/www.piecesautos.tn\/static\/equipementier_pics\/150X150\/150X150Alkar.svg\" width=\"113\" height=\"24\" \/><\/p>\n<p><strong>Compatibilit\u00e9<\/strong> :<\/p>\n<ul>\n<li>Fiat : Punto I (176) (09\/1993-&gt;09\/1999)<\/li>\n<\/ul>\n<p><strong>Attributs de l&rsquo;article<\/strong> :<\/p>\n<ul>\n<li>C\u00f4t\u00e9 d&rsquo;assemblage : droite<\/li>\n<li>Pour v\u00e9hicule avec direction \u00e0 gauche<\/li>\n<li>R\u00e9troviseur \u00e0 r\u00e9glage : Manuel<\/li>\n<\/ul>\n<p>&nbsp;<\/p>\n<div class=\"product__features-title\">\n<p>&nbsp;<\/p>\n<\/div>\n","protected":false},"featured_media":7444,"comment_status":"closed","ping_status":"closed","template":"","meta":[],"product_cat":[220,380],"product_tag":[519],"class_list":{"0":"post-7443","1":"product","2":"type-product","3":"status-publish","4":"has-post-thumbnail","6":"product_brand-fiat","7":"product_cat-carosserie","8":"product_cat-retroviseur","9":"product_tag-retroviseur","10":"pa_car-engine-1-1","11":"pa_car-engine-1-2","12":"pa_car-engine-1-2-16v","13":"pa_car-engine-1-4","14":"pa_car-engine-1-6","15":"pa_car-engine-1-7-d","16":"pa_car-engine-1-7-td","17":"pa_car-makes-fiat","18":"pa_car-model-punto-i-09-1993-09-1999","19":"pa_car-year-459","20":"pa_car-year-34","21":"pa_car-year-460","22":"pa_car-year-461","23":"pa_car-year-462","24":"pa_car-year-35","25":"pa_car-year-390","27":"first","28":"instock","29":"sale","30":"taxable","31":"shipping-taxable","32":"purchasable","33":"product-type-simple"},"_links":{"self":[{"href":"https:\/\/piecesauto-express.com\/index.php\/wp-json\/wp\/v2\/product\/7443","targetHints":{"allow":["GET"]}}],"collection":[{"href":"https:\/\/piecesauto-express.com\/index.php\/wp-json\/wp\/v2\/product"}],"about":[{"href":"https:\/\/piecesauto-express.com\/index.php\/wp-json\/wp\/v2\/types\/product"}],"replies":[{"embeddable":true,"href":"https:\/\/piecesauto-express.com\/index.php\/wp-json\/wp\/v2\/comments?post=7443"}],"wp:featuredmedia":[{"embeddable":true,"href":"https:\/\/piecesauto-express.com\/index.php\/wp-json\/wp\/v2\/media\/7444"}],"wp:attachment":[{"href":"https:\/\/piecesauto-express.com\/index.php\/wp-json\/wp\/v2\/media?parent=7443"}],"wp:term":[{"taxonomy":"product_cat","embeddable":true,"href":"https:\/\/piecesauto-express.com\/index.php\/wp-json\/wp\/v2\/product_cat?post=7443"},{"taxonomy":"product_tag","embeddable":true,"href":"https:\/\/piecesauto-express.com\/index.php\/wp-json\/wp\/v2\/product_tag?post=7443"}],"curies":[{"name":"wp","href":"https:\/\/api.w.org\/{rel}","templated":true}]}}