{"id":7452,"date":"2025-08-15T16:02:57","date_gmt":"2025-08-15T14:02:57","guid":{"rendered":"https:\/\/piecesauto-express.com\/?post_type=product&#038;p=7452"},"modified":"2025-10-10T19:38:59","modified_gmt":"2025-10-10T17:38:59","slug":"huile-moteur-etg-automotive-10w40-5l-germany","status":"publish","type":"product","link":"https:\/\/piecesauto-express.com\/index.php\/product\/huile-moteur-etg-automotive-10w40-5l-germany\/","title":{"rendered":"Huile Moteur ETG Automotive 10W40 &#8211; 5L (Germany)"},"content":{"rendered":"<p><img decoding=\"async\" class=\"\" src=\"https:\/\/etgweb.com\/wp-content\/uploads\/2022\/05\/ETG-Logo.png\" alt=\"ETG Logo - ETG\" width=\"70\" height=\"31\" \/><\/p>\n<ul>\n<li>Cat\u00e9gorie : 10W40<\/li>\n<li>Capacit\u00e9 [litres] : 5L<\/li>\n<li>Fabricant : ETG Automotive (Germany)<\/li>\n<li>Code EAN : 4051792296207<\/li>\n<\/ul>\n<p>&nbsp;<\/p>\n","protected":false},"excerpt":{"rendered":"<h4><img decoding=\"async\" class=\"\" src=\"https:\/\/etgweb.com\/wp-content\/uploads\/2022\/05\/ETG-Logo.png\" alt=\"ETG Logo - ETG\" width=\"70\" height=\"31\" \/><\/h4>\n<p><strong>Caract\u00e9ristiques<\/strong> :<\/p>\n<ul>\n<li>Cat\u00e9gorie : 10W40<\/li>\n<li>Capacit\u00e9 [litres] : 5L<\/li>\n<li>Sp\u00e9cification : <span class=\"csv ng-tns-c333-460 ng-star-inserted\">API SN\/CF , <\/span><span class=\"csv ng-tns-c333-460 ng-star-inserted\">ACEA A3\/B4<\/span><\/li>\n<li>Recommandation du fabricant d&rsquo;huile : <span class=\"csv ng-tns-c333-460 ng-star-inserted\">VW 501.01\/505.00<\/span><span class=\"csv ng-tns-c333-460 ng-star-inserted\">MB 229.1<\/span><\/li>\n<li>Propri\u00e9t\u00e9 chimique : synth\u00e9tique<\/li>\n<li>Type d&#8217;emballage : Jerrycan<\/li>\n<li>Fabriqu\u00e9 en : Allemagne<\/li>\n<\/ul>\n","protected":false},"featured_media":7453,"comment_status":"closed","ping_status":"closed","template":"","meta":[],"product_cat":[224,344,521],"product_tag":[],"class_list":{"0":"post-7452","1":"product","2":"type-product","3":"status-publish","4":"has-post-thumbnail","6":"product_brand-citroen","7":"product_brand-dacia","8":"product_brand-fiat","9":"product_brand-nissan","10":"product_brand-opel","11":"product_brand-peugeot","12":"product_brand-renault","13":"product_cat-lubrifiant","14":"product_cat-huile-moteur","15":"product_cat-moteur","16":"pa_car-makes-citroen","17":"pa_car-makes-dacia","18":"pa_car-makes-fiat","19":"pa_car-makes-nissan","20":"pa_car-makes-opel","21":"pa_car-makes-peugeot","22":"pa_car-makes-renault","24":"first","25":"instock","26":"sale","27":"taxable","28":"shipping-taxable","29":"purchasable","30":"product-type-simple"},"_links":{"self":[{"href":"https:\/\/piecesauto-express.com\/index.php\/wp-json\/wp\/v2\/product\/7452","targetHints":{"allow":["GET"]}}],"collection":[{"href":"https:\/\/piecesauto-express.com\/index.php\/wp-json\/wp\/v2\/product"}],"about":[{"href":"https:\/\/piecesauto-express.com\/index.php\/wp-json\/wp\/v2\/types\/product"}],"replies":[{"embeddable":true,"href":"https:\/\/piecesauto-express.com\/index.php\/wp-json\/wp\/v2\/comments?post=7452"}],"wp:featuredmedia":[{"embeddable":true,"href":"https:\/\/piecesauto-express.com\/index.php\/wp-json\/wp\/v2\/media\/7453"}],"wp:attachment":[{"href":"https:\/\/piecesauto-express.com\/index.php\/wp-json\/wp\/v2\/media?parent=7452"}],"wp:term":[{"taxonomy":"product_cat","embeddable":true,"href":"https:\/\/piecesauto-express.com\/index.php\/wp-json\/wp\/v2\/product_cat?post=7452"},{"taxonomy":"product_tag","embeddable":true,"href":"https:\/\/piecesauto-express.com\/index.php\/wp-json\/wp\/v2\/product_tag?post=7452"}],"curies":[{"name":"wp","href":"https:\/\/api.w.org\/{rel}","templated":true}]}}