{"id":7565,"date":"2025-08-20T11:40:07","date_gmt":"2025-08-20T09:40:07","guid":{"rendered":"https:\/\/piecesauto-express.com\/?post_type=product&#038;p=7565"},"modified":"2025-11-07T12:25:41","modified_gmt":"2025-11-07T11:25:41","slug":"retroviseur-exterieur-dacia-logan-iii-sandero-iii-gauche-01-2021","status":"publish","type":"product","link":"https:\/\/piecesauto-express.com\/index.php\/product\/retroviseur-exterieur-dacia-logan-iii-sandero-iii-gauche-01-2021\/","title":{"rendered":"R\u00e9troviseur Ext\u00e9rieur Dacia Logan III \/ Dacia Sandero III Gauche (2021>)"},"content":{"rendered":"<p><img decoding=\"async\" class=\"\" src=\"https:\/\/www.piecesautos.tn\/static\/equipementier_pics\/150X150\/150X150Alkar.svg\" width=\"104\" height=\"22\" \/><\/p>\n<ul>\n<li><strong>REFERENCE<\/strong> : 6165207<\/li>\n<li><strong>FABRICANT<\/strong> : ALKAR<\/li>\n<li><strong>DACIA OEM <\/strong>: 963026992R<\/li>\n<\/ul>\n<p>&nbsp;<\/p>\n","protected":false},"excerpt":{"rendered":"<p><img decoding=\"async\" class=\"\" src=\"https:\/\/www.piecesautos.tn\/static\/equipementier_pics\/150X150\/150X150Alkar.svg\" width=\"107\" height=\"23\" \/><\/p>\n<p><strong>Compatibilit\u00e9<\/strong>\u00a0:<\/p>\n<ul>\n<li>Dacia : Logan III (05\/2021-&gt;)<\/li>\n<li>Dacia : Sandero III (01\/2021)<\/li>\n<li>Dacia : Jogger (09\/2021-&gt;)<\/li>\n<\/ul>\n<p><strong>Attributs de l\u2019article<\/strong>\u00a0:<\/p>\n<ul>\n<li>C\u00f4t\u00e9 d\u2019assemblage : gauche<\/li>\n<li>Pour v\u00e9hicule avec direction \u00e0 gauche ou \u00e0 droite<\/li>\n<li>R\u00e9troviseur \u00e0 r\u00e9glage : Manuel<\/li>\n<li>R\u00e9troviseur ext\u00e9rieur\/int\u00e9rieur :\u00a0convexe<\/li>\n<\/ul>\n<p>&nbsp;<\/p>\n","protected":false},"featured_media":7566,"comment_status":"closed","ping_status":"closed","template":"","meta":[],"product_cat":[220,380],"product_tag":[519],"class_list":{"0":"post-7565","1":"product","2":"type-product","3":"status-publish","4":"has-post-thumbnail","6":"product_brand-dacia","7":"product_cat-carosserie","8":"product_cat-retroviseur","9":"product_tag-retroviseur","10":"pa_car-engine-1-0-sce","11":"pa_car-engine-1-0-tce","12":"pa_car-makes-dacia","13":"pa_car-model-jogger-rk-09-2021","14":"pa_car-model-logan-iii-3k-05-2021","15":"pa_car-model-sandero-iii-01-2021","16":"pa_car-year-447","17":"pa_car-year-612","18":"pa_car-year-613","19":"pa_car-year-207","20":"pa_car-year-638","22":"first","23":"instock","24":"taxable","25":"shipping-taxable","26":"purchasable","27":"product-type-simple"},"_links":{"self":[{"href":"https:\/\/piecesauto-express.com\/index.php\/wp-json\/wp\/v2\/product\/7565","targetHints":{"allow":["GET"]}}],"collection":[{"href":"https:\/\/piecesauto-express.com\/index.php\/wp-json\/wp\/v2\/product"}],"about":[{"href":"https:\/\/piecesauto-express.com\/index.php\/wp-json\/wp\/v2\/types\/product"}],"replies":[{"embeddable":true,"href":"https:\/\/piecesauto-express.com\/index.php\/wp-json\/wp\/v2\/comments?post=7565"}],"wp:featuredmedia":[{"embeddable":true,"href":"https:\/\/piecesauto-express.com\/index.php\/wp-json\/wp\/v2\/media\/7566"}],"wp:attachment":[{"href":"https:\/\/piecesauto-express.com\/index.php\/wp-json\/wp\/v2\/media?parent=7565"}],"wp:term":[{"taxonomy":"product_cat","embeddable":true,"href":"https:\/\/piecesauto-express.com\/index.php\/wp-json\/wp\/v2\/product_cat?post=7565"},{"taxonomy":"product_tag","embeddable":true,"href":"https:\/\/piecesauto-express.com\/index.php\/wp-json\/wp\/v2\/product_tag?post=7565"}],"curies":[{"name":"wp","href":"https:\/\/api.w.org\/{rel}","templated":true}]}}