{"id":7625,"date":"2025-08-25T11:48:43","date_gmt":"2025-08-25T09:48:43","guid":{"rendered":"https:\/\/piecesauto-express.com\/?post_type=product&#038;p=7625"},"modified":"2025-10-14T14:11:05","modified_gmt":"2025-10-14T12:11:05","slug":"feu-eclaireur-de-plaque-dimmatriculation-partner-b9-partner-k9-6340g7","status":"publish","type":"product","link":"https:\/\/piecesauto-express.com\/index.php\/product\/feu-eclaireur-de-plaque-dimmatriculation-partner-b9-partner-k9-6340g7\/","title":{"rendered":"Feu \u00e9claireur de plaque D&rsquo;immatriculation Peugeot Partner B9+K9 6340G7"},"content":{"rendered":"<p><img decoding=\"async\" class=\"\" src=\"https:\/\/www.piecesautos.tn\/static\/equipementier_pics\/150X150\/150X150TYC.svg\" width=\"70\" height=\"70\" \/><\/p>\n<ul>\n<li><strong>REFERENCE<\/strong> : 15-0427-00-2<\/li>\n<li><strong>FABRICANT<\/strong> : TYC<\/li>\n<li><strong>PEUGEOT OEM<\/strong> : 6340G7 , 6340E9 , 9658461780<\/li>\n<li><strong>CITRO\u00cbN OEM<\/strong> : 6340G7 , 6340E9 , 9658461780<\/li>\n<li><strong>FIAT OEM<\/strong> : 9658461780<\/li>\n<li><strong>TOYOTA OEM<\/strong> : SU001-A1285 , SU001A1285<\/li>\n<\/ul>\n","protected":false},"excerpt":{"rendered":"<div class=\"saam-segment-headline ng-tns-c383-581\">\n<h3><img decoding=\"async\" class=\"\" src=\"https:\/\/www.piecesautos.tn\/static\/equipementier_pics\/150X150\/150X150TYC.svg\" width=\"70\" height=\"70\" \/><\/h3>\n<p><strong>Compatibilit\u00e9<\/strong> :<\/p>\n<ul>\n<li>Peugeot : Expert III (VF3A_, VF3U_, VF3X_) (01\/2007-&gt;)<\/li>\n<li>Peugeot : Expert Tepee (VF3X_) (01\/2007-&gt;)<\/li>\n<li>Peugeot : Expert Fourgon (V_) (04\/2016-&gt;)<\/li>\n<li>Peugeot : Partner (B9) (04\/2009-&gt;)<\/li>\n<li>Peugeot : Partner (K9) (09\/2018-&gt;)<\/li>\n<li>Peugeot : Rifter (09\/2018-&gt;)<\/li>\n<li>Peugeot :\u00a0 Traveller Autobus\/Autocar (V_) (04\/2016-&gt;)<\/li>\n<li>Toyota : Proace Autobus\/Autocar (MDZ_) (02\/2016-&gt;04\/2020)<\/li>\n<\/ul>\n<p><strong>Attributs de l&rsquo;article<\/strong> :<\/p>\n<ul>\n<li>C\u00f4t\u00e9 d&rsquo;assemblage : c\u00f4t\u00e9 conducteur + passager av.<\/li>\n<li>Info compl\u00e9mentaire : <span class=\"csv ng-tns-c335-583 ng-star-inserted\">avec porte lampe , <\/span><span class=\"csv ng-tns-c335-583 ng-star-inserted\">avec ampoule<\/span><\/li>\n<li>Type de lampe : <span class=\"csv ng-tns-c335-583 ng-star-inserted\">W5W<\/span><\/li>\n<\/ul>\n<\/div>\n<p>&nbsp;<\/p>\n<p>&nbsp;<\/p>\n<div class=\"saam-segment-headline ng-tns-c383-581\">\n<h3 class=\"h3 saam-segment-headline__text ng-tns-c383-581 ng-star-inserted\"><\/h3>\n<\/div>\n","protected":false},"featured_media":7626,"comment_status":"closed","ping_status":"closed","template":"","meta":[],"product_cat":[220,217,871,510],"product_tag":[872],"class_list":{"0":"post-7625","1":"product","2":"type-product","3":"status-publish","4":"has-post-thumbnail","6":"product_brand-citroen","7":"product_brand-fiat","8":"product_brand-opel","9":"product_brand-peugeot","10":"product_brand-toyota","11":"product_cat-carosserie","12":"product_cat-eclairage","13":"product_cat-feu-eclaireur-de-plaque","14":"product_cat-electricite","15":"product_tag-feu-de-plaque-dimmatriculation","16":"pa_car-engine-1-2-puretech","17":"pa_car-engine-1-2-thp","18":"pa_car-engine-1-5-bluehdi","19":"pa_car-engine-1-6","20":"pa_car-engine-1-6-bluehdi","21":"pa_car-engine-1-6-hdi","22":"pa_car-engine-2-0-16v","23":"pa_car-engine-2-0-bluehdi","24":"pa_car-engine-2-0-hdi","25":"pa_car-makes-peugeot","26":"pa_car-model-expert-fourgon-v_-04-2016","27":"pa_car-model-expert-iii-vf3a-vf3u-vf3x-01-2007","28":"pa_car-model-partner-b9-tepee-04-2008","29":"pa_car-model-partner-camionnette-monospace-k9-09-2018","30":"pa_car-model-rifter-09-2018","31":"pa_car-model-traveller-autobus-autocar-04-2016","32":"pa_car-year-420","33":"pa_car-year-421","34":"pa_car-year-438","35":"pa_car-year-439","36":"pa_car-year-440","37":"pa_car-year-441","38":"pa_car-year-442","39":"pa_car-year-443","40":"pa_car-year-444","41":"pa_car-year-445","42":"pa_car-year-446","43":"pa_car-year-37","44":"pa_car-year-38","45":"pa_car-year-39","46":"pa_car-year-447","47":"pa_car-year-612","48":"pa_car-year-613","49":"pa_car-year-207","50":"pa_car-year-638","52":"first","53":"instock","54":"taxable","55":"shipping-taxable","56":"purchasable","57":"product-type-simple"},"_links":{"self":[{"href":"https:\/\/piecesauto-express.com\/index.php\/wp-json\/wp\/v2\/product\/7625","targetHints":{"allow":["GET"]}}],"collection":[{"href":"https:\/\/piecesauto-express.com\/index.php\/wp-json\/wp\/v2\/product"}],"about":[{"href":"https:\/\/piecesauto-express.com\/index.php\/wp-json\/wp\/v2\/types\/product"}],"replies":[{"embeddable":true,"href":"https:\/\/piecesauto-express.com\/index.php\/wp-json\/wp\/v2\/comments?post=7625"}],"wp:featuredmedia":[{"embeddable":true,"href":"https:\/\/piecesauto-express.com\/index.php\/wp-json\/wp\/v2\/media\/7626"}],"wp:attachment":[{"href":"https:\/\/piecesauto-express.com\/index.php\/wp-json\/wp\/v2\/media?parent=7625"}],"wp:term":[{"taxonomy":"product_cat","embeddable":true,"href":"https:\/\/piecesauto-express.com\/index.php\/wp-json\/wp\/v2\/product_cat?post=7625"},{"taxonomy":"product_tag","embeddable":true,"href":"https:\/\/piecesauto-express.com\/index.php\/wp-json\/wp\/v2\/product_tag?post=7625"}],"curies":[{"name":"wp","href":"https:\/\/api.w.org\/{rel}","templated":true}]}}