{"id":7664,"date":"2025-08-26T11:52:29","date_gmt":"2025-08-26T09:52:29","guid":{"rendered":"https:\/\/piecesauto-express.com\/?post_type=product&#038;p=7664"},"modified":"2025-10-14T14:32:44","modified_gmt":"2025-10-14T12:32:44","slug":"feu-arriere-expert-jumpy-scudo-gauche-1996-12-2006-valeo-085780","status":"publish","type":"product","link":"https:\/\/piecesauto-express.com\/index.php\/product\/feu-arriere-expert-jumpy-scudo-gauche-1996-12-2006-valeo-085780\/","title":{"rendered":"Feu Arri\u00e8re Peugeot Expert \/ Citro\u00ebn Jumpy \/ Fiat Scudo Gauche (1996->2006)"},"content":{"rendered":"<p><img decoding=\"async\" class=\"\" src=\"https:\/\/www.piecesautos.tn\/static\/equipementier_pics\/150X150\/150X150VALEO.svg\" width=\"83\" height=\"36\" \/><\/p>\n<ul>\n<li><strong>REFERENCE<\/strong> : 085780<\/li>\n<li><strong>FABRICANT<\/strong> : VALEO<\/li>\n<li><strong>CITRO\u00cbN<\/strong> : 6350E6 , 6350E7<\/li>\n<li><strong>FIAT OEM<\/strong> : 9790384780<\/li>\n<li><strong>PEUGEOT OEM<\/strong> : 6350E6 , 6350E7<\/li>\n<\/ul>\n<p>&nbsp;<\/p>\n","protected":false},"excerpt":{"rendered":"<p><img decoding=\"async\" class=\"\" src=\"https:\/\/www.piecesautos.tn\/static\/equipementier_pics\/150X150\/150X150VALEO.svg\" width=\"83\" height=\"36\" \/><\/p>\n<p><strong>Compatibilit\u00e9<\/strong>\u00a0:<\/p>\n<ul>\n<li>Peugeot : Expert (02\/1996-&gt;12\/2006)<\/li>\n<li>Citro\u00ebn : Jumpy (10\/1995-&gt;12\/2006)<\/li>\n<li>Fiat : Scudo (02\/1996-&gt;12\/2006)<\/li>\n<\/ul>\n<p><strong>Attributs de l\u2019article<\/strong>\u00a0:<\/p>\n<ul>\n<li>C\u00f4t\u00e9 d\u2019assemblage : gauche<\/li>\n<li>Pour v\u00e9hicule avec direction \u00e0 gauche ou \u00e0 droite<\/li>\n<li>Section :\u00a0Partie ext\u00e9rieure<\/li>\n<li>Article compl\u00e9mentaire\/Info compl\u00e9mentaire : avec porte lampe<\/li>\n<li>Fonction feux :\u00a0avec feu de brouillard arri\u00e8re<\/li>\n<li>Article compl\u00e9mentaire \/ Info compl\u00e9mentaire 2 :\u00a0sans ampoules<\/li>\n<li>Version :\u00a0EU<\/li>\n<li>Poids [kg] :\u00a00,862<\/li>\n<\/ul>\n<p>&nbsp;<\/p>\n<p>&nbsp;<\/p>\n<p>&nbsp;<\/p>\n","protected":false},"featured_media":7659,"comment_status":"closed","ping_status":"closed","template":"","meta":[],"product_cat":[220,217,300,510],"product_tag":[473],"class_list":{"0":"post-7664","1":"product","2":"type-product","3":"status-publish","4":"has-post-thumbnail","6":"product_brand-peugeot","7":"product_cat-carosserie","8":"product_cat-eclairage","9":"product_cat-feu-arriere","10":"product_cat-electricite","11":"product_tag-feux-arriere","12":"pa_car-engine-1-6","13":"pa_car-engine-1-8","14":"pa_car-engine-1-9-d","15":"pa_car-engine-1-9-td","16":"pa_car-engine-2-0","17":"pa_car-engine-2-0-hdi","18":"pa_car-makes-peugeot","19":"pa_car-model-expert-i-10-1995-11-2003","20":"pa_car-model-expert-ii-12-2003-12-2006","21":"pa_car-year-461","22":"pa_car-year-462","23":"pa_car-year-35","24":"pa_car-year-390","25":"pa_car-year-391","26":"pa_car-year-377","27":"pa_car-year-36","28":"pa_car-year-385","29":"pa_car-year-392","30":"pa_car-year-373","31":"pa_car-year-413","33":"first","34":"outofstock","35":"taxable","36":"shipping-taxable","37":"purchasable","38":"product-type-simple"},"_links":{"self":[{"href":"https:\/\/piecesauto-express.com\/index.php\/wp-json\/wp\/v2\/product\/7664","targetHints":{"allow":["GET"]}}],"collection":[{"href":"https:\/\/piecesauto-express.com\/index.php\/wp-json\/wp\/v2\/product"}],"about":[{"href":"https:\/\/piecesauto-express.com\/index.php\/wp-json\/wp\/v2\/types\/product"}],"replies":[{"embeddable":true,"href":"https:\/\/piecesauto-express.com\/index.php\/wp-json\/wp\/v2\/comments?post=7664"}],"wp:featuredmedia":[{"embeddable":true,"href":"https:\/\/piecesauto-express.com\/index.php\/wp-json\/wp\/v2\/media\/7659"}],"wp:attachment":[{"href":"https:\/\/piecesauto-express.com\/index.php\/wp-json\/wp\/v2\/media?parent=7664"}],"wp:term":[{"taxonomy":"product_cat","embeddable":true,"href":"https:\/\/piecesauto-express.com\/index.php\/wp-json\/wp\/v2\/product_cat?post=7664"},{"taxonomy":"product_tag","embeddable":true,"href":"https:\/\/piecesauto-express.com\/index.php\/wp-json\/wp\/v2\/product_tag?post=7664"}],"curies":[{"name":"wp","href":"https:\/\/api.w.org\/{rel}","templated":true}]}}