{"id":7898,"date":"2025-09-09T15:55:25","date_gmt":"2025-09-09T13:55:25","guid":{"rendered":"https:\/\/piecesauto-express.com\/?post_type=product&#038;p=7898"},"modified":"2025-10-16T10:48:36","modified_gmt":"2025-10-16T08:48:36","slug":"projecteur-principal-dacia-logan-gauche-2008-2013-8200744753","status":"publish","type":"product","link":"https:\/\/piecesauto-express.com\/index.php\/product\/projecteur-principal-dacia-logan-gauche-2008-2013-8200744753\/","title":{"rendered":"Projecteur Principal Dacia Logan Gauche (2008->2013)"},"content":{"rendered":"<ul>\n<li><strong>REFERENCE<\/strong> : 8200744753<\/li>\n<li><strong>FABRICANT<\/strong> : ADAPTABLE<\/li>\n<li><strong>DACIA OEM<\/strong> : 8200744753 , 260602739R<\/li>\n<\/ul>\n<p>&nbsp;<\/p>\n<p>&nbsp;<\/p>\n<p>&nbsp;<\/p>\n","protected":false},"excerpt":{"rendered":"<p><strong>Compatibilit\u00e9<\/strong>\u00a0:<\/p>\n<ul>\n<li>Dacia : Logan (2008-&gt;2013)<\/li>\n<\/ul>\n<p><strong>Attributs de l\u2019article<\/strong>\u00a0:<\/p>\n<ul>\n<li>C\u00f4t\u00e9 d\u2019assemblage : gauche<\/li>\n<li>Type de lampe : H4 , W5W , PY21W<\/li>\n<li>Info compl\u00e9mentaire : pour v\u00e9hicules avec r\u00e9glage m\u00e9canique<\/li>\n<\/ul>\n<p>&nbsp;<\/p>\n<p>&nbsp;<\/p>\n<p>&nbsp;<\/p>\n<p>&nbsp;<\/p>\n<p>&nbsp;<\/p>\n<p>&nbsp;<\/p>\n","protected":false},"featured_media":7893,"comment_status":"closed","ping_status":"closed","template":"","meta":[],"product_cat":[220,217,298,510],"product_tag":[599],"class_list":{"0":"post-7898","1":"product","2":"type-product","3":"status-publish","4":"has-post-thumbnail","6":"product_brand-dacia","7":"product_cat-carosserie","8":"product_cat-eclairage","9":"product_cat-phare-avant","10":"product_cat-electricite","11":"product_tag-projecteur-principal","12":"pa_car-engine-1-2-16v","13":"pa_car-engine-1-4","14":"pa_car-engine-1-5-dci","15":"pa_car-engine-1-6","16":"pa_car-engine-1-6-16v","17":"pa_car-engine-1-6-bifuel","18":"pa_car-engine-1-6-mpi","19":"pa_car-makes-dacia","20":"pa_car-model-logan-express","21":"pa_car-model-logan","22":"pa_car-model-logan-mcv-i","23":"pa_car-model-logan-pick-up","24":"pa_car-year-421","25":"pa_car-year-438","26":"pa_car-year-439","27":"pa_car-year-440","28":"pa_car-year-441","30":"first","31":"instock","32":"taxable","33":"shipping-taxable","34":"purchasable","35":"product-type-simple"},"_links":{"self":[{"href":"https:\/\/piecesauto-express.com\/index.php\/wp-json\/wp\/v2\/product\/7898","targetHints":{"allow":["GET"]}}],"collection":[{"href":"https:\/\/piecesauto-express.com\/index.php\/wp-json\/wp\/v2\/product"}],"about":[{"href":"https:\/\/piecesauto-express.com\/index.php\/wp-json\/wp\/v2\/types\/product"}],"replies":[{"embeddable":true,"href":"https:\/\/piecesauto-express.com\/index.php\/wp-json\/wp\/v2\/comments?post=7898"}],"wp:featuredmedia":[{"embeddable":true,"href":"https:\/\/piecesauto-express.com\/index.php\/wp-json\/wp\/v2\/media\/7893"}],"wp:attachment":[{"href":"https:\/\/piecesauto-express.com\/index.php\/wp-json\/wp\/v2\/media?parent=7898"}],"wp:term":[{"taxonomy":"product_cat","embeddable":true,"href":"https:\/\/piecesauto-express.com\/index.php\/wp-json\/wp\/v2\/product_cat?post=7898"},{"taxonomy":"product_tag","embeddable":true,"href":"https:\/\/piecesauto-express.com\/index.php\/wp-json\/wp\/v2\/product_tag?post=7898"}],"curies":[{"name":"wp","href":"https:\/\/api.w.org\/{rel}","templated":true}]}}