{"id":7991,"date":"2025-09-15T12:46:38","date_gmt":"2025-09-15T10:46:38","guid":{"rendered":"https:\/\/piecesauto-express.com\/?post_type=product&#038;p=7991"},"modified":"2025-12-05T12:28:25","modified_gmt":"2025-12-05T11:28:25","slug":"aile-avant-peugeot-405-droite-1987-1998-7841g0","status":"publish","type":"product","link":"https:\/\/piecesauto-express.com\/index.php\/product\/aile-avant-peugeot-405-droite-1987-1998-7841g0\/","title":{"rendered":"Aile Avant Peugeot 405 Droite (1987->1998) 7841G0"},"content":{"rendered":"<p><img decoding=\"async\" class=\"\" src=\"https:\/\/www.piecesautos.tn\/static\/equipementier_pics\/150X150\/150X150oran.png\" width=\"83\" height=\"23\" \/><\/p>\n<ul>\n<li><strong>REFERENCE<\/strong> : 530012<\/li>\n<li><strong>FABRICANT<\/strong> : ORAN<\/li>\n<li><strong>PEUGEOT OEM<\/strong> : 7841G0<\/li>\n<\/ul>\n","protected":false},"excerpt":{"rendered":"<p><img decoding=\"async\" class=\"\" src=\"https:\/\/www.piecesautos.tn\/static\/equipementier_pics\/150X150\/150X150oran.png\" width=\"83\" height=\"23\" \/><\/p>\n<ul>\n<li>Peugeot : 405 I (15B) (01\/1987-&gt;12\/1993)<\/li>\n<li>Peugeot : 405 I Break (15E) (06\/1987-&gt;08\/1992)<\/li>\n<li>Peugeot : 405 II (4B) (01\/1992-&gt;12\/1999)<\/li>\n<li>Peugeot : 405 II Break (4E) (08\/1992-&gt;10\/1998)<\/li>\n<\/ul>\n<p><strong>Attributs de l\u2019article<\/strong>\u00a0:<\/p>\n<ul>\n<li>C\u00f4t\u00e9 d\u2019assemblage : droite<\/li>\n<li>Info compl\u00e9mentaire : sans trou pour clignotants<\/li>\n<li>Montage : sauf montage r\u00e9p\u00e9titeurs lat\u00e9raux<\/li>\n<\/ul>\n<p>&nbsp;<\/p>\n<p>&nbsp;<\/p>\n","protected":false},"featured_media":7992,"comment_status":"closed","ping_status":"closed","template":"","meta":[],"product_cat":[220,962],"product_tag":[963],"class_list":{"0":"post-7991","1":"product","2":"type-product","3":"status-publish","4":"has-post-thumbnail","6":"product_brand-peugeot","7":"product_cat-carosserie","8":"product_cat-aile-avant","9":"product_tag-ailes","10":"pa_car-engine-1-4","11":"pa_car-engine-1-6","12":"pa_car-engine-1-8","13":"pa_car-engine-1-8-d","14":"pa_car-engine-1-8-td","15":"pa_car-engine-1-8-turbo-diesel","16":"pa_car-engine-1-9","17":"pa_car-engine-1-9-d","18":"pa_car-engine-1-9-diesel","19":"pa_car-engine-1-9-sport-mi-16","20":"pa_car-engine-1-9-td","21":"pa_car-engine-2-0","22":"pa_car-engine-2-0-16v","23":"pa_car-makes-peugeot","24":"pa_car-model-532","25":"pa_car-model-405-i-break-15e-06-198708-1992","26":"pa_car-model-405-ii-4b-01-199212-1999","27":"pa_car-model-405-ii-break-4e-08-199210-1998","28":"pa_car-year-482","29":"pa_car-year-483","30":"pa_car-year-484","31":"pa_car-year-485","32":"pa_car-year-471","33":"pa_car-year-472","34":"pa_car-year-459","35":"pa_car-year-34","36":"pa_car-year-460","37":"pa_car-year-461","38":"pa_car-year-462","39":"pa_car-year-35","40":"pa_car-year-390","42":"first","43":"outofstock","44":"taxable","45":"shipping-taxable","46":"purchasable","47":"product-type-simple"},"_links":{"self":[{"href":"https:\/\/piecesauto-express.com\/index.php\/wp-json\/wp\/v2\/product\/7991","targetHints":{"allow":["GET"]}}],"collection":[{"href":"https:\/\/piecesauto-express.com\/index.php\/wp-json\/wp\/v2\/product"}],"about":[{"href":"https:\/\/piecesauto-express.com\/index.php\/wp-json\/wp\/v2\/types\/product"}],"replies":[{"embeddable":true,"href":"https:\/\/piecesauto-express.com\/index.php\/wp-json\/wp\/v2\/comments?post=7991"}],"wp:featuredmedia":[{"embeddable":true,"href":"https:\/\/piecesauto-express.com\/index.php\/wp-json\/wp\/v2\/media\/7992"}],"wp:attachment":[{"href":"https:\/\/piecesauto-express.com\/index.php\/wp-json\/wp\/v2\/media?parent=7991"}],"wp:term":[{"taxonomy":"product_cat","embeddable":true,"href":"https:\/\/piecesauto-express.com\/index.php\/wp-json\/wp\/v2\/product_cat?post=7991"},{"taxonomy":"product_tag","embeddable":true,"href":"https:\/\/piecesauto-express.com\/index.php\/wp-json\/wp\/v2\/product_tag?post=7991"}],"curies":[{"name":"wp","href":"https:\/\/api.w.org\/{rel}","templated":true}]}}