{"id":8071,"date":"2025-09-18T18:22:07","date_gmt":"2025-09-18T16:22:07","guid":{"rendered":"https:\/\/piecesauto-express.com\/?post_type=product&#038;p=8071"},"modified":"2025-10-16T12:44:02","modified_gmt":"2025-10-16T10:44:02","slug":"aile-avant-kangoo-ii-gauche-phase-2-2013-2021-631012905r","status":"publish","type":"product","link":"https:\/\/piecesauto-express.com\/index.php\/product\/aile-avant-kangoo-ii-gauche-phase-2-2013-2021-631012905r\/","title":{"rendered":"Aile Avant Kangoo II Gauche (Phase 2) (2013->2021) 631012905R"},"content":{"rendered":"<p><img decoding=\"async\" class=\"\" src=\"https:\/\/www.piecesautos.tn\/static\/equipementier_pics\/150X150\/150X150PRASCO.png\" width=\"96\" height=\"22\" \/><\/p>\n<ul>\n<li><strong>REFERENCE<\/strong> : RN9213004<\/li>\n<li><strong>FABRICANT<\/strong> : PRASCO<\/li>\n<li><strong>RENAULT OEM<\/strong> : 631011368R , 631012905R<\/li>\n<\/ul>\n","protected":false},"excerpt":{"rendered":"<p><img decoding=\"async\" class=\"\" src=\"https:\/\/www.piecesautos.tn\/static\/equipementier_pics\/150X150\/150X150PRASCO.png\" width=\"96\" height=\"22\" \/><\/p>\n<p><strong>Compatibilit\u00e9<\/strong>\u00a0:<\/p>\n<ul>\n<li>Renault : Kangoo II ((Phase 2) (03\/2013-&gt;06\/2021)<\/li>\n<\/ul>\n<p><strong>Attributs de l&rsquo;article<\/strong> :<\/p>\n<ul>\n<li>C\u00f4t\u00e9 d\u2019assemblage : gauche<\/li>\n<li>Mat\u00e9riel : plastique<\/li>\n<li>Propri\u00e9t\u00e9 chimique : \u00e0 peindre<\/li>\n<\/ul>\n","protected":false},"featured_media":8072,"comment_status":"closed","ping_status":"closed","template":"","meta":[],"product_cat":[220,962],"product_tag":[963],"class_list":{"0":"post-8071","1":"product","2":"type-product","3":"status-publish","4":"has-post-thumbnail","6":"product_brand-renault","7":"product_cat-carosserie","8":"product_cat-aile-avant","9":"product_tag-ailes","10":"pa_car-engine-1-2-tce","11":"pa_car-engine-1-5-dci","12":"pa_car-engine-1-6","13":"pa_car-engine-1-6-16v","14":"pa_car-engine-1-6-sce","15":"pa_car-makes-renault","16":"pa_car-model-kangoo-ii","17":"pa_car-year-442","18":"pa_car-year-443","19":"pa_car-year-444","20":"pa_car-year-445","21":"pa_car-year-446","22":"pa_car-year-37","23":"pa_car-year-38","24":"pa_car-year-39","25":"pa_car-year-447","27":"first","28":"outofstock","29":"taxable","30":"shipping-taxable","31":"product-type-simple"},"_links":{"self":[{"href":"https:\/\/piecesauto-express.com\/index.php\/wp-json\/wp\/v2\/product\/8071","targetHints":{"allow":["GET"]}}],"collection":[{"href":"https:\/\/piecesauto-express.com\/index.php\/wp-json\/wp\/v2\/product"}],"about":[{"href":"https:\/\/piecesauto-express.com\/index.php\/wp-json\/wp\/v2\/types\/product"}],"replies":[{"embeddable":true,"href":"https:\/\/piecesauto-express.com\/index.php\/wp-json\/wp\/v2\/comments?post=8071"}],"wp:featuredmedia":[{"embeddable":true,"href":"https:\/\/piecesauto-express.com\/index.php\/wp-json\/wp\/v2\/media\/8072"}],"wp:attachment":[{"href":"https:\/\/piecesauto-express.com\/index.php\/wp-json\/wp\/v2\/media?parent=8071"}],"wp:term":[{"taxonomy":"product_cat","embeddable":true,"href":"https:\/\/piecesauto-express.com\/index.php\/wp-json\/wp\/v2\/product_cat?post=8071"},{"taxonomy":"product_tag","embeddable":true,"href":"https:\/\/piecesauto-express.com\/index.php\/wp-json\/wp\/v2\/product_tag?post=8071"}],"curies":[{"name":"wp","href":"https:\/\/api.w.org\/{rel}","templated":true}]}}