{"id":8268,"date":"2025-09-30T19:07:11","date_gmt":"2025-09-30T17:07:11","guid":{"rendered":"https:\/\/piecesauto-express.com\/?post_type=product&#038;p=8268"},"modified":"2025-10-16T17:41:21","modified_gmt":"2025-10-16T15:41:21","slug":"projecteur-principal-peugeot-partner-m59-citroen-berlingo-m59-gauche","status":"publish","type":"product","link":"https:\/\/piecesauto-express.com\/index.php\/product\/projecteur-principal-peugeot-partner-m59-citroen-berlingo-m59-gauche\/","title":{"rendered":"Projecteur Principal Peugeot Partner Gauche (11\/2002->)"},"content":{"rendered":"<ul>\n<li><strong>REFERENCE<\/strong> : 6204ZA<\/li>\n<li><strong>FABRICANT<\/strong>\u00a0: ADAPTABLE<\/li>\n<li><strong>CITRO\u00cbN OEM<\/strong> : 6204AX , 6204ZA , 6204ZE<\/li>\n<li><strong>PEUGEOT OEM<\/strong> : 6204AX , 6204ZA , 6204ZE<\/li>\n<\/ul>\n<p>&nbsp;<\/p>\n<p>&nbsp;<\/p>\n<p>&nbsp;<\/p>\n<p>&nbsp;<\/p>\n<p>&nbsp;<\/p>\n<p>&nbsp;<\/p>\n<p>&nbsp;<\/p>\n<p>&nbsp;<\/p>\n<p>&nbsp;<\/p>\n<p>&nbsp;<\/p>\n","protected":false},"excerpt":{"rendered":"<p><strong>Compatibilit\u00e9<\/strong>\u00a0:<\/p>\n<ul>\n<li>Peugeot : Partner M59 (11\/2002-&gt;12\/2011)<\/li>\n<li>Citro\u00ebn : Berlingo M59 (10\/2002-&gt;12\/2011)<\/li>\n<\/ul>\n<p><strong>Attributs de l\u2019article<\/strong>\u00a0:<\/p>\n<ul>\n<li>C\u00f4t\u00e9 d\u2019assemblage : gauche<\/li>\n<li>Type de lampe : H4 , W5W , PY21W<\/li>\n<li>Info compl\u00e9mentaire : pour v\u00e9hicules avec r\u00e9glage m\u00e9canique<\/li>\n<\/ul>\n<p>&nbsp;<\/p>\n<p>&nbsp;<\/p>\n<p>&nbsp;<\/p>\n<p>&nbsp;<\/p>\n<p>&nbsp;<\/p>\n<p>&nbsp;<\/p>\n","protected":false},"featured_media":8270,"comment_status":"closed","ping_status":"closed","template":"","meta":[],"product_cat":[220,217,298,510],"product_tag":[599],"class_list":{"0":"post-8268","1":"product","2":"type-product","3":"status-publish","4":"has-post-thumbnail","6":"product_brand-citroen","7":"product_brand-peugeot","8":"product_cat-carosserie","9":"product_cat-eclairage","10":"product_cat-phare-avant","11":"product_cat-electricite","12":"product_tag-projecteur-principal","13":"pa_car-engine-1-1","14":"pa_car-engine-1-4","15":"pa_car-engine-1-6","16":"pa_car-engine-1-6-16v","17":"pa_car-engine-1-6-hdi","18":"pa_car-engine-1-9-d","19":"pa_car-engine-2-0-hdi","20":"pa_car-makes-peugeot","21":"pa_car-model-partner-m59-11-2002-12-2015","22":"pa_car-year-36","23":"pa_car-year-385","24":"pa_car-year-392","25":"pa_car-year-373","26":"pa_car-year-413","27":"pa_car-year-420","28":"pa_car-year-421","29":"pa_car-year-438","30":"pa_car-year-439","31":"pa_car-year-440","33":"first","34":"instock","35":"sale","36":"taxable","37":"shipping-taxable","38":"purchasable","39":"product-type-simple"},"_links":{"self":[{"href":"https:\/\/piecesauto-express.com\/index.php\/wp-json\/wp\/v2\/product\/8268","targetHints":{"allow":["GET"]}}],"collection":[{"href":"https:\/\/piecesauto-express.com\/index.php\/wp-json\/wp\/v2\/product"}],"about":[{"href":"https:\/\/piecesauto-express.com\/index.php\/wp-json\/wp\/v2\/types\/product"}],"replies":[{"embeddable":true,"href":"https:\/\/piecesauto-express.com\/index.php\/wp-json\/wp\/v2\/comments?post=8268"}],"wp:featuredmedia":[{"embeddable":true,"href":"https:\/\/piecesauto-express.com\/index.php\/wp-json\/wp\/v2\/media\/8270"}],"wp:attachment":[{"href":"https:\/\/piecesauto-express.com\/index.php\/wp-json\/wp\/v2\/media?parent=8268"}],"wp:term":[{"taxonomy":"product_cat","embeddable":true,"href":"https:\/\/piecesauto-express.com\/index.php\/wp-json\/wp\/v2\/product_cat?post=8268"},{"taxonomy":"product_tag","embeddable":true,"href":"https:\/\/piecesauto-express.com\/index.php\/wp-json\/wp\/v2\/product_tag?post=8268"}],"curies":[{"name":"wp","href":"https:\/\/api.w.org\/{rel}","templated":true}]}}