{"id":8473,"date":"2025-10-16T17:42:29","date_gmt":"2025-10-16T15:42:29","guid":{"rendered":"https:\/\/piecesauto-express.com\/?post_type=product&#038;p=8473"},"modified":"2025-10-16T17:44:54","modified_gmt":"2025-10-16T15:44:54","slug":"projecteur-principal-citroen-berlingo-droite-11-2002","status":"publish","type":"product","link":"https:\/\/piecesauto-express.com\/index.php\/product\/projecteur-principal-citroen-berlingo-droite-11-2002\/","title":{"rendered":"Projecteur Principal Citro\u00ebn Berlingo Droite (11\/2002->)"},"content":{"rendered":"<ul>\n<li><strong>REFERENCE<\/strong> : 6205ZA<\/li>\n<li><strong>FABRICANT<\/strong> : ADAPTABLE<\/li>\n<li><strong>CITRO\u00cbN OEM<\/strong> : 6205AW , 6205ZA , 6205ZE<\/li>\n<li><strong>PEUGEOT OEM<\/strong> : 6205AW , 6205ZA , 6205ZE<\/li>\n<\/ul>\n","protected":false},"excerpt":{"rendered":"<p><strong>Compatibilit\u00e9<\/strong> :<\/p>\n<ul>\n<li>Citro\u00ebn : Berlingo M59 (10\/2002-&gt;12\/2011)<\/li>\n<li>Peugeot : Partner M59 (11\/2002-&gt;12\/2011)<\/li>\n<\/ul>\n<p><strong>Attributs de l&rsquo;article<\/strong> :<\/p>\n<ul>\n<li>C\u00f4t\u00e9 d\u2019assemblage : droite<\/li>\n<li>Type de lampe : H4 , W5W , PY21W<\/li>\n<li>Info compl\u00e9mentaire : pour v\u00e9hicules avec r\u00e9glage m\u00e9canique<\/li>\n<\/ul>\n","protected":false},"featured_media":8262,"comment_status":"closed","ping_status":"closed","template":"","meta":[],"product_cat":[220,217,298,510],"product_tag":[599],"class_list":{"0":"post-8473","1":"product","2":"type-product","3":"status-publish","4":"has-post-thumbnail","6":"product_brand-citroen","7":"product_brand-peugeot","8":"product_cat-carosserie","9":"product_cat-eclairage","10":"product_cat-phare-avant","11":"product_cat-electricite","12":"product_tag-projecteur-principal","13":"pa_car-engine-1-1","14":"pa_car-engine-1-4","15":"pa_car-engine-1-6","16":"pa_car-engine-1-6-16v","17":"pa_car-engine-1-6-hdi","18":"pa_car-engine-1-9-d","19":"pa_car-engine-2-0-hdi","20":"pa_car-makes-citroen","21":"pa_car-model-berlingo-m59-11-2002-12-2011","22":"pa_car-year-36","23":"pa_car-year-385","24":"pa_car-year-392","25":"pa_car-year-373","26":"pa_car-year-413","27":"pa_car-year-420","28":"pa_car-year-421","29":"pa_car-year-438","30":"pa_car-year-439","31":"pa_car-year-440","33":"first","34":"instock","35":"sale","36":"taxable","37":"shipping-taxable","38":"purchasable","39":"product-type-simple"},"_links":{"self":[{"href":"https:\/\/piecesauto-express.com\/index.php\/wp-json\/wp\/v2\/product\/8473","targetHints":{"allow":["GET"]}}],"collection":[{"href":"https:\/\/piecesauto-express.com\/index.php\/wp-json\/wp\/v2\/product"}],"about":[{"href":"https:\/\/piecesauto-express.com\/index.php\/wp-json\/wp\/v2\/types\/product"}],"replies":[{"embeddable":true,"href":"https:\/\/piecesauto-express.com\/index.php\/wp-json\/wp\/v2\/comments?post=8473"}],"wp:featuredmedia":[{"embeddable":true,"href":"https:\/\/piecesauto-express.com\/index.php\/wp-json\/wp\/v2\/media\/8262"}],"wp:attachment":[{"href":"https:\/\/piecesauto-express.com\/index.php\/wp-json\/wp\/v2\/media?parent=8473"}],"wp:term":[{"taxonomy":"product_cat","embeddable":true,"href":"https:\/\/piecesauto-express.com\/index.php\/wp-json\/wp\/v2\/product_cat?post=8473"},{"taxonomy":"product_tag","embeddable":true,"href":"https:\/\/piecesauto-express.com\/index.php\/wp-json\/wp\/v2\/product_tag?post=8473"}],"curies":[{"name":"wp","href":"https:\/\/api.w.org\/{rel}","templated":true}]}}