{"id":8488,"date":"2025-10-18T13:14:54","date_gmt":"2025-10-18T11:14:54","guid":{"rendered":"https:\/\/piecesauto-express.com\/?post_type=product&#038;p=8488"},"modified":"2025-10-21T12:40:06","modified_gmt":"2025-10-21T10:40:06","slug":"joint-detancheite-pompe-a-carburant-opel-corsa-c-opel-astra-g","status":"publish","type":"product","link":"https:\/\/piecesauto-express.com\/index.php\/product\/joint-detancheite-pompe-a-carburant-opel-corsa-c-opel-astra-g\/","title":{"rendered":"Joint d&rsquo;\u00e9tanch\u00e9it\u00e9 pompe \u00e0 carburant Opel Corsa C \/ Opel Astra G"},"content":{"rendered":"<p><img decoding=\"async\" class=\"\" src=\"https:\/\/storage.e.jimdo.com\/cdn-cgi\/image\/quality=85,fit=scale-down,format=auto,trim=0;0;0;0,width=480,height=480\/image\/305469304\/50cf90e4-8083-472f-ba5d-966ef3cec2cc.jpg\" alt=\"History - English | AutoMega\" width=\"61\" height=\"61\" \/><\/p>\n<ul>\n<li><strong>REFERENCE<\/strong> : 210164810<\/li>\n<li><strong>FABRICANT<\/strong> : AUTOMEGA<\/li>\n<li><strong>GENERAL MOTORS<\/strong> : 09227607 , 9227607 , 90572097<\/li>\n<li><strong>OPEL OEM<\/strong> : 24438048 , 815909 , 815910 , 815912<\/li>\n<\/ul>\n","protected":false},"excerpt":{"rendered":"<p><img decoding=\"async\" class=\"\" src=\"https:\/\/storage.e.jimdo.com\/cdn-cgi\/image\/quality=85,fit=scale-down,format=auto,trim=0;0;0;0,width=480,height=480\/image\/305469304\/50cf90e4-8083-472f-ba5d-966ef3cec2cc.jpg\" alt=\"History - English | AutoMega\" width=\"61\" height=\"61\" \/><\/p>\n<p><strong>Compatibilit\u00e9<\/strong> :<\/p>\n<ul>\n<li>Opel : Corsa C (09\/2000-&gt;12\/2009)<\/li>\n<li>Opel : Astra G (09\/2000-&gt;01\/2005)<\/li>\n<li>Opel : Tigra TwinTop (X04) (06\/2004-&gt;12\/2010)<\/li>\n<li>Opel = Zafira A (04\/1999-&gt;06\/2005)<\/li>\n<\/ul>\n<p><strong>Attributs de l&rsquo;article<\/strong> :<\/p>\n<ul>\n<li>\u00c9paisseur [mm : 15.5<\/li>\n<li>Largeur [mm] : 139<\/li>\n<li>Longueur [mm] : 158<\/li>\n<li>Couleur : vert<\/li>\n<li>Mat\u00e9riel : caoutchouc fluor\u00e9<\/li>\n<\/ul>\n<p>&nbsp;<\/p>\n<p>&nbsp;<\/p>\n","protected":false},"featured_media":8489,"comment_status":"closed","ping_status":"closed","template":"","meta":[],"product_cat":[521,287,1032],"product_tag":[1033],"class_list":{"0":"post-8488","1":"product","2":"type-product","3":"status-publish","4":"has-post-thumbnail","6":"product_brand-opel","7":"product_cat-moteur","8":"product_cat-pompe-a-carburant","9":"product_cat-joint-detancheite-pompe-a-carburant","10":"product_tag-joint-pompe-a-carburant","11":"pa_car-engine-1-2","12":"pa_car-engine-1-2-16v","13":"pa_car-engine-1-4","14":"pa_car-engine-1-6-16v","15":"pa_car-engine-1-6-lpg","16":"pa_car-engine-1-8","17":"pa_car-engine-1-8-16v","18":"pa_car-engine-2-2-16v","19":"pa_car-makes-opel","20":"pa_car-model-astra-g-3-5-portes-f48_-f08_-02-1998-12-2009","21":"pa_car-model-astra-g-a-trois-volumes-f69_-09-1998-12-2009","22":"pa_car-model-astra-g-fourgon-break-f70-09-1998-04-2005","23":"pa_car-model-astra-g","24":"pa_car-model-astra-g-decapotable-f67_-03-2001-10-2005","25":"pa_car-model-astra-g-classic-t98-03-2004-07-2009","26":"pa_car-model-corsa-c-x01-09-2000-12-2009","27":"pa_car-model-tigra-twintop-x04-06-2004-12-2010","28":"pa_car-model-zafira-a","29":"pa_car-year-391","30":"pa_car-year-377","31":"pa_car-year-36","32":"pa_car-year-385","33":"pa_car-year-392","34":"pa_car-year-373","35":"pa_car-year-413","36":"pa_car-year-420","37":"pa_car-year-421","38":"pa_car-year-438","40":"first","41":"instock","42":"taxable","43":"shipping-taxable","44":"purchasable","45":"product-type-simple"},"_links":{"self":[{"href":"https:\/\/piecesauto-express.com\/index.php\/wp-json\/wp\/v2\/product\/8488","targetHints":{"allow":["GET"]}}],"collection":[{"href":"https:\/\/piecesauto-express.com\/index.php\/wp-json\/wp\/v2\/product"}],"about":[{"href":"https:\/\/piecesauto-express.com\/index.php\/wp-json\/wp\/v2\/types\/product"}],"replies":[{"embeddable":true,"href":"https:\/\/piecesauto-express.com\/index.php\/wp-json\/wp\/v2\/comments?post=8488"}],"wp:featuredmedia":[{"embeddable":true,"href":"https:\/\/piecesauto-express.com\/index.php\/wp-json\/wp\/v2\/media\/8489"}],"wp:attachment":[{"href":"https:\/\/piecesauto-express.com\/index.php\/wp-json\/wp\/v2\/media?parent=8488"}],"wp:term":[{"taxonomy":"product_cat","embeddable":true,"href":"https:\/\/piecesauto-express.com\/index.php\/wp-json\/wp\/v2\/product_cat?post=8488"},{"taxonomy":"product_tag","embeddable":true,"href":"https:\/\/piecesauto-express.com\/index.php\/wp-json\/wp\/v2\/product_tag?post=8488"}],"curies":[{"name":"wp","href":"https:\/\/api.w.org\/{rel}","templated":true}]}}