{"id":8493,"date":"2025-10-21T12:26:08","date_gmt":"2025-10-21T10:26:08","guid":{"rendered":"https:\/\/piecesauto-express.com\/?post_type=product&#038;p=8493"},"modified":"2025-10-22T18:39:49","modified_gmt":"2025-10-22T16:39:49","slug":"reservoir-deau-de-lavage-essuie-glace-opel-astra-g","status":"publish","type":"product","link":"https:\/\/piecesauto-express.com\/index.php\/product\/reservoir-deau-de-lavage-essuie-glace-opel-astra-g\/","title":{"rendered":"R\u00e9servoir D&rsquo;eau De Lavage Essuie Glace Opel Astra G"},"content":{"rendered":"<ul>\n<li><strong>REFERENCE<\/strong> : 1405607<\/li>\n<li><strong>FABRICANT<\/strong> : ADAPTABLE<\/li>\n<li><strong>OPEL OEM<\/strong> : 1405607 , 90589332<\/li>\n<\/ul>\n","protected":false},"excerpt":{"rendered":"<p><strong>Compatibilit\u00e9<\/strong> :<\/p>\n<ul>\n<li>Opel : Astra G 3\/5 portes (F48_, F08_) (02\/1998-&gt;12\/2009)<\/li>\n<li>Opel : Astra G A trois volumes (F69_) (09\/1998-&gt;12\/2009)<\/li>\n<li>Opel : Astra G Break (F35_) (02\/1998-&gt;12\/2009)<\/li>\n<li>Opel : Astra G Coup\u00e9 (F04_) (03\/2000-&gt;05\/2005)<\/li>\n<li>Opel : Astra G Delvan (F70) (01\/1999-&gt;04\/2005)<\/li>\n<li>Opel : Astra G D\u00e9capotable (F67) (03\/2001-&gt;10\/2005)<\/li>\n<\/ul>\n<p><strong>Attributs de l&rsquo;article<\/strong> :<\/p>\n<ul>\n<li>\u00c9quipement v\u00e9hicule : pour v\u00e9hicules sans syst\u00e8me de lavage des phares<\/li>\n<li>Article compl\u00e9mentaire : avec bouchon<\/li>\n<li>Info compl\u00e9mentaire : sans pompe<\/li>\n<\/ul>\n","protected":false},"featured_media":8555,"comment_status":"closed","ping_status":"closed","template":"","meta":[],"product_cat":[961,1070],"product_tag":[1071],"class_list":{"0":"post-8493","1":"product","2":"type-product","3":"status-publish","4":"has-post-thumbnail","6":"product_brand-opel","7":"product_cat-essuyage","8":"product_cat-reservoir-deau-de-lavage-essuie-glace","9":"product_tag-vase-deau-essuie-glace","10":"pa_car-engine-1-2-16v","11":"pa_car-engine-1-4","12":"pa_car-engine-1-4-16v","13":"pa_car-engine-1-6","14":"pa_car-engine-1-6-16v","15":"pa_car-engine-1-6-lpg","16":"pa_car-engine-1-7-cdti","17":"pa_car-engine-1-7-dti","18":"pa_car-engine-1-7-td","19":"pa_car-engine-1-8-16v","20":"pa_car-engine-2-0-16v","21":"pa_car-engine-2-0-di","22":"pa_car-engine-2-0-dti-16v","23":"pa_car-engine-2-0-opc","24":"pa_car-engine-2-2-16v","25":"pa_car-engine-2-2-dti","26":"pa_car-makes-opel","27":"pa_car-model-astra-g-3-5-portes-f48_-f08_-02-1998-12-2009","28":"pa_car-model-astra-g-a-trois-volumes-f69_-09-1998-12-2009","29":"pa_car-model-astra-g-fourgon-break-f70-09-1998-04-2005","30":"pa_car-model-astra-g","31":"pa_car-model-astra-g-decapotable-f67_-03-2001-10-2005","32":"pa_car-model-astra-g-classic-t98-03-2004-07-2009","33":"pa_car-year-35","34":"pa_car-year-390","35":"pa_car-year-391","36":"pa_car-year-377","37":"pa_car-year-36","38":"pa_car-year-385","39":"pa_car-year-392","40":"pa_car-year-373","41":"pa_car-year-413","42":"pa_car-year-420","43":"pa_car-year-421","44":"pa_car-year-438","46":"first","47":"instock","48":"taxable","49":"shipping-taxable","50":"purchasable","51":"product-type-simple"},"_links":{"self":[{"href":"https:\/\/piecesauto-express.com\/index.php\/wp-json\/wp\/v2\/product\/8493","targetHints":{"allow":["GET"]}}],"collection":[{"href":"https:\/\/piecesauto-express.com\/index.php\/wp-json\/wp\/v2\/product"}],"about":[{"href":"https:\/\/piecesauto-express.com\/index.php\/wp-json\/wp\/v2\/types\/product"}],"replies":[{"embeddable":true,"href":"https:\/\/piecesauto-express.com\/index.php\/wp-json\/wp\/v2\/comments?post=8493"}],"wp:featuredmedia":[{"embeddable":true,"href":"https:\/\/piecesauto-express.com\/index.php\/wp-json\/wp\/v2\/media\/8555"}],"wp:attachment":[{"href":"https:\/\/piecesauto-express.com\/index.php\/wp-json\/wp\/v2\/media?parent=8493"}],"wp:term":[{"taxonomy":"product_cat","embeddable":true,"href":"https:\/\/piecesauto-express.com\/index.php\/wp-json\/wp\/v2\/product_cat?post=8493"},{"taxonomy":"product_tag","embeddable":true,"href":"https:\/\/piecesauto-express.com\/index.php\/wp-json\/wp\/v2\/product_tag?post=8493"}],"curies":[{"name":"wp","href":"https:\/\/api.w.org\/{rel}","templated":true}]}}