{"id":8503,"date":"2025-10-21T19:08:42","date_gmt":"2025-10-21T17:08:42","guid":{"rendered":"https:\/\/piecesauto-express.com\/?post_type=product&#038;p=8503"},"modified":"2025-10-21T19:50:14","modified_gmt":"2025-10-21T17:50:14","slug":"volet-de-trappe-carburant-opel-corsa-c-gm182753","status":"publish","type":"product","link":"https:\/\/piecesauto-express.com\/index.php\/product\/volet-de-trappe-carburant-opel-corsa-c-gm182753\/","title":{"rendered":"Volet De Trappe Carburant Opel Corsa C"},"content":{"rendered":"<p><img decoding=\"async\" class=\"\" src=\"https:\/\/www.piecesautos.tn\/static\/equipementier_pics\/150X150\/150X150018a68b8ffb16641.jpeg\" width=\"50\" height=\"49\" \/><\/p>\n<ul>\n<li><strong>REFERENCE<\/strong> : 188939<\/li>\n<li><strong>FABRICANT<\/strong> : TRICLO<\/li>\n<li><strong>OPEL OEM<\/strong> : 182753 , 9196447<\/li>\n<\/ul>\n","protected":false},"excerpt":{"rendered":"<p><img decoding=\"async\" class=\"\" src=\"https:\/\/www.piecesautos.tn\/static\/equipementier_pics\/150X150\/150X150018a68b8ffb16641.jpeg\" width=\"50\" height=\"49\" \/><\/p>\n<p><strong>Compatibilit\u00e9<\/strong>\u00a0:<\/p>\n<ul>\n<li>Opel : Corsa C (F08, F68) (09\/2000-&gt;12\/2009)<\/li>\n<li>Opel : Corsa C Camionnette (F08, W5L) (09\/2000-&gt;06\/2006)<\/li>\n<\/ul>\n<p><strong>Attributs de l&rsquo;article<\/strong> :<\/p>\n<ul>\n<li>Article compl\u00e9mentaire : avec joint d&rsquo;\u00e9tanch\u00e9it\u00e9<\/li>\n<li>Surface : avec couche d&rsquo;appr\u00eat<\/li>\n<li>Pour le type de mod\u00e8le : F08 , F68<\/li>\n<\/ul>\n<p>&nbsp;<\/p>\n","protected":false},"featured_media":8504,"comment_status":"closed","ping_status":"closed","template":"","meta":[],"product_cat":[508,1002,1081],"product_tag":[1082],"class_list":{"0":"post-8503","1":"product","2":"type-product","3":"status-publish","4":"has-post-thumbnail","6":"product_brand-opel","7":"product_cat-verrouillage","8":"product_cat-bouchon-reservoir-de-carburant","9":"product_cat-volet-de-trappe-carburant","10":"product_tag-cache-bouchon-de-reservoir","11":"pa_car-engine-1-0","12":"pa_car-engine-1-2","13":"pa_car-engine-1-3-cdti","14":"pa_car-engine-1-4","15":"pa_car-engine-1-7-cdti","16":"pa_car-engine-1-7-di","17":"pa_car-engine-1-7-dti","18":"pa_car-engine-1-8","19":"pa_car-makes-opel","20":"pa_car-model-corsa-c-x01-09-2000-12-2009","21":"pa_car-model-corsa-c-camionnette-f08-w5l-09-2000-06-2006","22":"pa_car-year-391","23":"pa_car-year-377","24":"pa_car-year-36","25":"pa_car-year-385","26":"pa_car-year-392","27":"pa_car-year-373","28":"pa_car-year-413","29":"pa_car-year-420","30":"pa_car-year-421","31":"pa_car-year-438","33":"first","34":"instock","35":"taxable","36":"shipping-taxable","37":"purchasable","38":"product-type-simple"},"_links":{"self":[{"href":"https:\/\/piecesauto-express.com\/index.php\/wp-json\/wp\/v2\/product\/8503","targetHints":{"allow":["GET"]}}],"collection":[{"href":"https:\/\/piecesauto-express.com\/index.php\/wp-json\/wp\/v2\/product"}],"about":[{"href":"https:\/\/piecesauto-express.com\/index.php\/wp-json\/wp\/v2\/types\/product"}],"replies":[{"embeddable":true,"href":"https:\/\/piecesauto-express.com\/index.php\/wp-json\/wp\/v2\/comments?post=8503"}],"wp:featuredmedia":[{"embeddable":true,"href":"https:\/\/piecesauto-express.com\/index.php\/wp-json\/wp\/v2\/media\/8504"}],"wp:attachment":[{"href":"https:\/\/piecesauto-express.com\/index.php\/wp-json\/wp\/v2\/media?parent=8503"}],"wp:term":[{"taxonomy":"product_cat","embeddable":true,"href":"https:\/\/piecesauto-express.com\/index.php\/wp-json\/wp\/v2\/product_cat?post=8503"},{"taxonomy":"product_tag","embeddable":true,"href":"https:\/\/piecesauto-express.com\/index.php\/wp-json\/wp\/v2\/product_tag?post=8503"}],"curies":[{"name":"wp","href":"https:\/\/api.w.org\/{rel}","templated":true}]}}