{"id":8759,"date":"2025-11-08T10:24:56","date_gmt":"2025-11-08T09:24:56","guid":{"rendered":"https:\/\/piecesauto-express.com\/?post_type=product&#038;p=8759"},"modified":"2026-01-12T17:29:59","modified_gmt":"2026-01-12T16:29:59","slug":"projecteur-principal-renault-symbol-ii-gauche-2013-2017","status":"publish","type":"product","link":"https:\/\/piecesauto-express.com\/index.php\/product\/projecteur-principal-renault-symbol-ii-gauche-2013-2017\/","title":{"rendered":"Projecteur Principal Renault Symbol II Gauche (2013->2017)"},"content":{"rendered":"<p><img decoding=\"async\" class=\"\" src=\"https:\/\/www.piecesautos.tn\/static\/equipementier_pics\/150X150\/150X150b25776938dd9ce5b.jpeg\" width=\"91\" height=\"65\" \/><\/p>\n<ul>\n<li><strong>REFERENCE<\/strong> : 202287<\/li>\n<li><strong>FABRICANT<\/strong> : AYFAR<\/li>\n<li><strong>RENAULT OEM<\/strong> : 260607796R<\/li>\n<\/ul>\n","protected":false},"excerpt":{"rendered":"<p><img decoding=\"async\" class=\"\" src=\"https:\/\/www.piecesautos.tn\/static\/equipementier_pics\/150X150\/150X150b25776938dd9ce5b.jpeg\" width=\"91\" height=\"65\" \/><\/p>\n<p><strong>Compatibilit\u00e9<\/strong> :<\/p>\n<ul>\n<li>Renault : Symbol II (L8_) (2013-&gt;2017)<\/li>\n<\/ul>\n<p><strong>Attributs de l&rsquo;article<\/strong> :<\/p>\n<ul>\n<li>C\u00f4t\u00e9 d&rsquo;assemblage : gauche<\/li>\n<li>Type de lampe : <span class=\"csv ng-tns-c2221633917-443 ng-star-inserted\">PY21W, <\/span><span class=\"csv ng-tns-c2221633917-443 ng-star-inserted\">W21\/5W, <\/span><span class=\"csv ng-tns-c2221633917-443 ng-star-inserted\">H7\/H1<\/span><\/li>\n<li>Type de fonctionnement : \u00e9lectrique<\/li>\n<li>Fonction feux : avec feu de circulation diurne<\/li>\n<li>Pour v\u00e9hicules avec direction \u00e0 gauche<\/li>\n<li>Info compl\u00e9mentaire : bo\u00eetier avec int\u00e9rieur noir<\/li>\n<\/ul>\n<p>&nbsp;<\/p>\n","protected":false},"featured_media":8760,"comment_status":"closed","ping_status":"closed","template":"","meta":[],"product_cat":[220,217,298,510],"product_tag":[599],"class_list":{"0":"post-8759","1":"product","2":"type-product","3":"status-publish","4":"has-post-thumbnail","6":"product_brand-renault","7":"product_cat-carosserie","8":"product_cat-eclairage","9":"product_cat-phare-avant","10":"product_cat-electricite","11":"product_tag-projecteur-principal","12":"pa_car-engine-0-9-tce","13":"pa_car-engine-1-2","14":"pa_car-engine-1-2-16v","15":"pa_car-engine-1-5-dci","16":"pa_car-engine-1-6","17":"pa_car-engine-1-6-16v","18":"pa_car-makes-renault","19":"pa_car-model-symbol-ii","20":"pa_car-year-442","21":"pa_car-year-443","22":"pa_car-year-444","23":"pa_car-year-445","24":"pa_car-year-446","26":"first","27":"instock","28":"sale","29":"taxable","30":"shipping-taxable","31":"purchasable","32":"product-type-simple"},"_links":{"self":[{"href":"https:\/\/piecesauto-express.com\/index.php\/wp-json\/wp\/v2\/product\/8759","targetHints":{"allow":["GET"]}}],"collection":[{"href":"https:\/\/piecesauto-express.com\/index.php\/wp-json\/wp\/v2\/product"}],"about":[{"href":"https:\/\/piecesauto-express.com\/index.php\/wp-json\/wp\/v2\/types\/product"}],"replies":[{"embeddable":true,"href":"https:\/\/piecesauto-express.com\/index.php\/wp-json\/wp\/v2\/comments?post=8759"}],"wp:featuredmedia":[{"embeddable":true,"href":"https:\/\/piecesauto-express.com\/index.php\/wp-json\/wp\/v2\/media\/8760"}],"wp:attachment":[{"href":"https:\/\/piecesauto-express.com\/index.php\/wp-json\/wp\/v2\/media?parent=8759"}],"wp:term":[{"taxonomy":"product_cat","embeddable":true,"href":"https:\/\/piecesauto-express.com\/index.php\/wp-json\/wp\/v2\/product_cat?post=8759"},{"taxonomy":"product_tag","embeddable":true,"href":"https:\/\/piecesauto-express.com\/index.php\/wp-json\/wp\/v2\/product_tag?post=8759"}],"curies":[{"name":"wp","href":"https:\/\/api.w.org\/{rel}","templated":true}]}}