{"id":8835,"date":"2025-11-12T17:56:17","date_gmt":"2025-11-12T16:56:17","guid":{"rendered":"https:\/\/piecesauto-express.com\/?post_type=product&#038;p=8835"},"modified":"2025-12-11T18:31:11","modified_gmt":"2025-12-11T17:31:11","slug":"bandeau-arriere-clio-chipie-1990-1998-valeo","status":"publish","type":"product","link":"https:\/\/piecesauto-express.com\/index.php\/product\/bandeau-arriere-clio-chipie-1990-1998-valeo\/","title":{"rendered":"Bandeau Arri\u00e8re Clio Chipie (1990->1998) Valeo 085602"},"content":{"rendered":"<p><img decoding=\"async\" class=\"\" src=\"https:\/\/www.piecesautos.tn\/static\/equipementier_pics\/150X150\/150X150VALEO.svg\" width=\"95\" height=\"41\" \/><\/p>\n<ul>\n<li><strong>REFERENCE<\/strong> : 085602<\/li>\n<li><strong>FABRICANT<\/strong> : VALEO<\/li>\n<li><strong>RENAULT OEM<\/strong> : 7700827555<\/li>\n<\/ul>\n<p>&nbsp;<\/p>\n","protected":false},"excerpt":{"rendered":"<p><img decoding=\"async\" class=\"\" src=\"https:\/\/www.piecesautos.tn\/static\/equipementier_pics\/150X150\/150X150VALEO.svg\" width=\"95\" height=\"41\" \/><\/p>\n<p><strong>Compatibilit\u00e9<\/strong> :<\/p>\n<ul>\n<li>Renault : Clio I (05\/1990-&gt;09\/1998)<\/li>\n<\/ul>\n<p><strong>Attributs de l&rsquo;article<\/strong> :<\/p>\n<ul>\n<li>C\u00f4t\u00e9 d&rsquo;assemblage : arri\u00e8re<\/li>\n<li>Couleur \u00e9lectroluminescence LED :\u00a0teint\u00e9<\/li>\n<li>Poids [kg] :\u00a00,574<\/li>\n<\/ul>\n","protected":false},"featured_media":8836,"comment_status":"closed","ping_status":"closed","template":"","meta":[],"product_cat":[220,217,300,510],"product_tag":[473],"class_list":{"0":"post-8835","1":"product","2":"type-product","3":"status-publish","4":"has-post-thumbnail","6":"product_brand-renault","7":"product_cat-carosserie","8":"product_cat-eclairage","9":"product_cat-feu-arriere","10":"product_cat-electricite","11":"product_tag-feux-arriere","12":"pa_car-engine-1-1","13":"pa_car-engine-1-2","14":"pa_car-engine-1-4","15":"pa_car-engine-1-7","16":"pa_car-engine-1-8","17":"pa_car-engine-1-8-rsi","18":"pa_car-engine-1-9-d","19":"pa_car-engine-williams","20":"pa_car-makes-renault","21":"pa_car-model-clio-chipie","22":"pa_car-year-485","23":"pa_car-year-471","24":"pa_car-year-472","25":"pa_car-year-459","26":"pa_car-year-34","27":"pa_car-year-460","28":"pa_car-year-461","29":"pa_car-year-462","30":"pa_car-year-35","32":"first","33":"outofstock","34":"taxable","35":"shipping-taxable","36":"purchasable","37":"product-type-simple"},"_links":{"self":[{"href":"https:\/\/piecesauto-express.com\/index.php\/wp-json\/wp\/v2\/product\/8835","targetHints":{"allow":["GET"]}}],"collection":[{"href":"https:\/\/piecesauto-express.com\/index.php\/wp-json\/wp\/v2\/product"}],"about":[{"href":"https:\/\/piecesauto-express.com\/index.php\/wp-json\/wp\/v2\/types\/product"}],"replies":[{"embeddable":true,"href":"https:\/\/piecesauto-express.com\/index.php\/wp-json\/wp\/v2\/comments?post=8835"}],"wp:featuredmedia":[{"embeddable":true,"href":"https:\/\/piecesauto-express.com\/index.php\/wp-json\/wp\/v2\/media\/8836"}],"wp:attachment":[{"href":"https:\/\/piecesauto-express.com\/index.php\/wp-json\/wp\/v2\/media?parent=8835"}],"wp:term":[{"taxonomy":"product_cat","embeddable":true,"href":"https:\/\/piecesauto-express.com\/index.php\/wp-json\/wp\/v2\/product_cat?post=8835"},{"taxonomy":"product_tag","embeddable":true,"href":"https:\/\/piecesauto-express.com\/index.php\/wp-json\/wp\/v2\/product_tag?post=8835"}],"curies":[{"name":"wp","href":"https:\/\/api.w.org\/{rel}","templated":true}]}}