{"id":9012,"date":"2025-11-19T12:41:22","date_gmt":"2025-11-19T11:41:22","guid":{"rendered":"https:\/\/piecesauto-express.com\/?post_type=product&#038;p=9012"},"modified":"2025-11-19T12:41:40","modified_gmt":"2025-11-19T11:41:40","slug":"rotule-de-direction-dacia-duster-gauche","status":"publish","type":"product","link":"https:\/\/piecesauto-express.com\/index.php\/product\/rotule-de-direction-dacia-duster-gauche\/","title":{"rendered":"Rotule De Direction Dacia Duster Gauche (2010->2018)"},"content":{"rendered":"<p><img decoding=\"async\" class=\"\" src=\"https:\/\/www.piecesautos.tn\/static\/equipementier_pics\/150X150\/150X150MOOG.svg\" width=\"117\" height=\"26\" \/><\/p>\n<ul>\n<li><strong>REFERENCE<\/strong> : RE-ES-8763<\/li>\n<li><strong>FABRICANT<\/strong> : MOOG<\/li>\n<li><strong>DACIA OEM<\/strong> : 8201108339 , 8660003544<\/li>\n<\/ul>\n","protected":false},"excerpt":{"rendered":"<p><img decoding=\"async\" class=\"\" src=\"https:\/\/www.piecesautos.tn\/static\/equipementier_pics\/150X150\/150X150MOOG.svg\" width=\"117\" height=\"26\" \/><\/p>\n<p><strong>Compatibilit\u00e9<\/strong> :<\/p>\n<ul>\n<li>Dacia : Duster 5HS_) (04\/2010-&gt;01\/2018)<\/li>\n<li>Dacia : Duster Camionnette\/SUV (04\/2011-&gt;)<\/li>\n<\/ul>\n<p><strong>Attributs de l&rsquo;article<\/strong> :<\/p>\n<ul>\n<li><span dir=\"auto\"><span dir=\"auto\">C\u00f4t\u00e9 d&rsquo;assemblage : gauche<\/span><\/span><\/li>\n<li><span dir=\"auto\"><span dir=\"auto\">C\u00f4t\u00e9 d&rsquo;assemblage : ext\u00e9rieur<\/span><\/span><\/li>\n<li><span dir=\"auto\"><span dir=\"auto\">C\u00f4t\u00e9 assemblage : e<\/span><\/span><span dir=\"auto\"><span dir=\"auto\">ssieu avant<\/span><\/span><\/li>\n<li><span dir=\"auto\"><span dir=\"auto\">Diam\u00e8tre 1 [mm] :\u00a0<\/span><\/span><span dir=\"auto\"><span dir=\"auto\">11,9<\/span><\/span><\/li>\n<li><span dir=\"auto\"><span dir=\"auto\">Longueur 1 [mm] :\u00a0<\/span><\/span><span dir=\"auto\"><span dir=\"auto\">221<\/span><\/span><\/li>\n<li><span dir=\"auto\"><span dir=\"auto\">Longueur 2 [mm] :\u00a0<\/span><\/span><span dir=\"auto\"><span dir=\"auto\">29,5<\/span><\/span><\/li>\n<li><span dir=\"auto\"><span dir=\"auto\">Taraudage\/Filetage 1 :\u00a0<\/span><\/span><span dir=\"auto\"><span dir=\"auto\">M14X1.5<\/span><\/span><\/li>\n<li><span dir=\"auto\"><span dir=\"auto\">Taraudage\/Filetage 2 :\u00a0<\/span><\/span><span dir=\"auto\"><span dir=\"auto\">M10X1.25<\/span><\/span><\/li>\n<\/ul>\n","protected":false},"featured_media":9013,"comment_status":"closed","ping_status":"closed","template":"","meta":[],"product_cat":[550,260],"product_tag":[1213],"class_list":{"0":"post-9012","1":"product","2":"type-product","3":"status-publish","4":"has-post-thumbnail","6":"product_brand-dacia","7":"product_cat-direction","8":"product_cat-rotule-de-direction-direction","9":"product_tag-rotule-de-barre-de-connexion","10":"pa_car-engine-1-2-tce","11":"pa_car-engine-1-5-dci","12":"pa_car-engine-1-5-dci-4x4","13":"pa_car-engine-1-6-16v","14":"pa_car-engine-1-6-16v-4x4","15":"pa_car-engine-1-6-16v-hi-flex","16":"pa_car-engine-1-6-16v-lpg","17":"pa_car-engine-1-6-sce","18":"pa_car-makes-dacia","19":"pa_car-model-duster","20":"pa_car-model-duster-camionnette-suv-04-2011","21":"pa_car-year-439","22":"pa_car-year-440","23":"pa_car-year-441","24":"pa_car-year-442","25":"pa_car-year-443","26":"pa_car-year-444","27":"pa_car-year-445","28":"pa_car-year-446","29":"pa_car-year-37","31":"first","32":"instock","33":"taxable","34":"shipping-taxable","35":"purchasable","36":"product-type-simple"},"_links":{"self":[{"href":"https:\/\/piecesauto-express.com\/index.php\/wp-json\/wp\/v2\/product\/9012","targetHints":{"allow":["GET"]}}],"collection":[{"href":"https:\/\/piecesauto-express.com\/index.php\/wp-json\/wp\/v2\/product"}],"about":[{"href":"https:\/\/piecesauto-express.com\/index.php\/wp-json\/wp\/v2\/types\/product"}],"replies":[{"embeddable":true,"href":"https:\/\/piecesauto-express.com\/index.php\/wp-json\/wp\/v2\/comments?post=9012"}],"wp:featuredmedia":[{"embeddable":true,"href":"https:\/\/piecesauto-express.com\/index.php\/wp-json\/wp\/v2\/media\/9013"}],"wp:attachment":[{"href":"https:\/\/piecesauto-express.com\/index.php\/wp-json\/wp\/v2\/media?parent=9012"}],"wp:term":[{"taxonomy":"product_cat","embeddable":true,"href":"https:\/\/piecesauto-express.com\/index.php\/wp-json\/wp\/v2\/product_cat?post=9012"},{"taxonomy":"product_tag","embeddable":true,"href":"https:\/\/piecesauto-express.com\/index.php\/wp-json\/wp\/v2\/product_tag?post=9012"}],"curies":[{"name":"wp","href":"https:\/\/api.w.org\/{rel}","templated":true}]}}