{"id":9234,"date":"2025-12-03T17:56:41","date_gmt":"2025-12-03T16:56:41","guid":{"rendered":"https:\/\/piecesauto-express.com\/?post_type=product&#038;p=9234"},"modified":"2025-12-03T18:16:12","modified_gmt":"2025-12-03T17:16:12","slug":"cardan-arbre-de-transmission-renault-express-super5-gauche-gkn-301868","status":"publish","type":"product","link":"https:\/\/piecesauto-express.com\/index.php\/product\/cardan-arbre-de-transmission-renault-express-super5-gauche-gkn-301868\/","title":{"rendered":"Cardan , Arbre De Transmission Renault Express \/ Super5 Gauche GKN 301868"},"content":{"rendered":"<p><img decoding=\"async\" class=\"\" src=\"https:\/\/www.molco.nl\/wp-content\/uploads\/lobro.webp\" alt=\"L\u00d6BRO \u2013 bestellen Sie bei Molco Car Parts\" width=\"50\" height=\"50\" \/><\/p>\n<ul>\n<li><strong>REFERENCE<\/strong> : 301868<\/li>\n<li><strong>FABRICANT<\/strong> : L\u00d6BRO<\/li>\n<li><strong>RENAULT OEM<\/strong> : <span class=\"mdc-list-item__content\"><span class=\"mat-mdc-list-item-unscoped-content mdc-list-item__primary-text\">7111106218 , <\/span><\/span><span class=\"mdc-list-item__content\"><span class=\"mat-mdc-list-item-unscoped-content mdc-list-item__primary-text\">7700109021 , <\/span><\/span><span class=\"mdc-list-item__content\"><span class=\"mat-mdc-list-item-unscoped-content mdc-list-item__primary-text\">7700272531 , <\/span><\/span><span class=\"mdc-list-item__content\"><span class=\"mat-mdc-list-item-unscoped-content mdc-list-item__primary-text\">7701349741 , <\/span><\/span><span class=\"mdc-list-item__content\"><span class=\"mat-mdc-list-item-unscoped-content mdc-list-item__primary-text\">7701349803 , <\/span><\/span><span class=\"mdc-list-item__content\"><span class=\"mat-mdc-list-item-unscoped-content mdc-list-item__primary-text\">7701349945 , <\/span><\/span><span class=\"mdc-list-item__content\"><span class=\"mat-mdc-list-item-unscoped-content mdc-list-item__primary-text\">7701351194 , <\/span><\/span><span class=\"mdc-list-item__content\"><span class=\"mat-mdc-list-item-unscoped-content mdc-list-item__primary-text\">7701351290 , <\/span><\/span><span class=\"mdc-list-item__content\"><span class=\"mat-mdc-list-item-unscoped-content mdc-list-item__primary-text\">7701351937 , <\/span><\/span><span class=\"mdc-list-item__content\"><span class=\"mat-mdc-list-item-unscoped-content mdc-list-item__primary-text\">7701352086 , <\/span><\/span><span class=\"mdc-list-item__content\"><span class=\"mat-mdc-list-item-unscoped-content mdc-list-item__primary-text\">7711106218 ,\u00a0 <\/span><\/span><span class=\"mdc-list-item__content\"><span class=\"mat-mdc-list-item-unscoped-content mdc-list-item__primary-text\">8200323960<\/span><\/span><\/li>\n<\/ul>\n","protected":false},"excerpt":{"rendered":"<p><img decoding=\"async\" class=\"\" src=\"https:\/\/www.piecesautos.tn\/static\/equipementier_pics\/150X150\/150X150L%C3%96BRO.svg\" width=\"50\" height=\"34\" \/><\/p>\n<p><strong>Compatibilit\u00e9<\/strong> :<\/p>\n<ul>\n<li>Renault : Express (F40_, G40_) (07\/1985-&gt;20\/10\/1996)<\/li>\n<li>Renault : Super5 (B\/C40_) (10\/1984-&gt;12\/1996)<\/li>\n<\/ul>\n<p><strong>Attributs de l&rsquo;article<\/strong> :<\/p>\n<ul>\n<li>C\u00f4t\u00e9 d\u2019assemblage : gauche<\/li>\n<li>Denture ext\u00e9rieure, c\u00f4t\u00e9 roue :\u00a021<\/li>\n<li>Longueur [mm] : 598<\/li>\n<li>Diam\u00e8tre de la bague d&rsquo;\u00e9tanch\u00e9it\u00e9 [mm] : 46<\/li>\n<li>Diam\u00e8tre de la rotule c\u00f4t\u00e9 roue [mm] : 87<\/li>\n<li>Diam\u00e8tre joint articul\u00e9 rotatif [mm] : 30<\/li>\n<li>Filetage :\u00a0M20x1,5<\/li>\n<li>Info compl\u00e9mentaire : avec \u00e9crou<\/li>\n<\/ul>\n<p>&nbsp;<\/p>\n<div class=\"product__features-title\"><\/div>\n","protected":false},"featured_media":7224,"comment_status":"closed","ping_status":"closed","template":"","meta":[],"product_cat":[331,630],"product_tag":[631],"class_list":{"0":"post-9234","1":"product","2":"type-product","3":"status-publish","4":"has-post-thumbnail","6":"product_brand-renault","7":"product_cat-cardan","8":"product_cat-arbre-de-transmission","9":"product_tag-arbre-de-transmission","10":"pa_car-engine-1-0","11":"pa_car-engine-1-1","12":"pa_car-engine-1-2","13":"pa_car-engine-1-4","14":"pa_car-engine-1-6-d","15":"pa_car-engine-1-9-d","16":"pa_car-makes-renault","17":"pa_car-model-express","18":"pa_car-model-super5","19":"pa_car-year-577","20":"pa_car-year-480","21":"pa_car-year-481","22":"pa_car-year-482","23":"pa_car-year-483","24":"pa_car-year-484","25":"pa_car-year-485","26":"pa_car-year-471","27":"pa_car-year-472","28":"pa_car-year-459","29":"pa_car-year-34","30":"pa_car-year-460","31":"pa_car-year-461","32":"pa_car-year-462","33":"pa_car-year-35","35":"first","36":"instock","37":"taxable","38":"shipping-taxable","39":"purchasable","40":"product-type-simple"},"_links":{"self":[{"href":"https:\/\/piecesauto-express.com\/index.php\/wp-json\/wp\/v2\/product\/9234","targetHints":{"allow":["GET"]}}],"collection":[{"href":"https:\/\/piecesauto-express.com\/index.php\/wp-json\/wp\/v2\/product"}],"about":[{"href":"https:\/\/piecesauto-express.com\/index.php\/wp-json\/wp\/v2\/types\/product"}],"replies":[{"embeddable":true,"href":"https:\/\/piecesauto-express.com\/index.php\/wp-json\/wp\/v2\/comments?post=9234"}],"wp:featuredmedia":[{"embeddable":true,"href":"https:\/\/piecesauto-express.com\/index.php\/wp-json\/wp\/v2\/media\/7224"}],"wp:attachment":[{"href":"https:\/\/piecesauto-express.com\/index.php\/wp-json\/wp\/v2\/media?parent=9234"}],"wp:term":[{"taxonomy":"product_cat","embeddable":true,"href":"https:\/\/piecesauto-express.com\/index.php\/wp-json\/wp\/v2\/product_cat?post=9234"},{"taxonomy":"product_tag","embeddable":true,"href":"https:\/\/piecesauto-express.com\/index.php\/wp-json\/wp\/v2\/product_tag?post=9234"}],"curies":[{"name":"wp","href":"https:\/\/api.w.org\/{rel}","templated":true}]}}