{"id":9306,"date":"2025-12-05T18:09:36","date_gmt":"2025-12-05T17:09:36","guid":{"rendered":"https:\/\/piecesauto-express.com\/?post_type=product&#038;p=9306"},"modified":"2025-12-12T16:57:48","modified_gmt":"2025-12-12T15:57:48","slug":"retroviseur-exterieur-citroen-ax-droite","status":"publish","type":"product","link":"https:\/\/piecesauto-express.com\/index.php\/product\/retroviseur-exterieur-citroen-ax-droite\/","title":{"rendered":"R\u00e9troviseur Ext\u00e9rieur Citro\u00ebn AX Droite"},"content":{"rendered":"<p><img decoding=\"async\" class=\"\" src=\"https:\/\/www.piecesautos.tn\/static\/equipementier_pics\/150X150\/150X150Alkar.svg\" width=\"118\" height=\"25\" \/><\/p>\n<ul>\n<li><strong>REFERENCE<\/strong> : 6102337<\/li>\n<li><strong>FABRICANT<\/strong>\u00a0: ALKAR<\/li>\n<li><strong> CITRO\u00cbN OEM<\/strong> : 95619663<\/li>\n<\/ul>\n","protected":false},"excerpt":{"rendered":"<p><img decoding=\"async\" class=\"\" src=\"https:\/\/www.piecesautos.tn\/static\/equipementier_pics\/150X150\/150X150Alkar.svg\" width=\"118\" height=\"25\" \/><\/p>\n<p><strong>Compatibilit\u00e9<\/strong>\u00a0:<\/p>\n<ul>\n<li>Citro\u00ebn : AX (ZA-_) (07\/1986-&gt;12\/1998)<\/li>\n<\/ul>\n<p><strong>Attributs de l\u2019article\u00a0<\/strong>:<\/p>\n<ul>\n<li>C\u00f4t\u00e9 d\u2019assemblage : droite<\/li>\n<li>Type de fonctionnement : manuel<\/li>\n<li>R\u00e9troviseur ext\u00e9rieur\/int\u00e9rieur :\u00a0convexe<\/li>\n<\/ul>\n","protected":false},"featured_media":9307,"comment_status":"open","ping_status":"closed","template":"","meta":[],"product_cat":[220,380],"product_tag":[519],"class_list":{"0":"post-9306","1":"product","2":"type-product","3":"status-publish","4":"has-post-thumbnail","6":"product_brand-citroen","7":"product_cat-carosserie","8":"product_cat-retroviseur","9":"product_tag-retroviseur","10":"pa_car-engine-1-3-sport","11":"pa_car-engine-1-4-gti","12":"pa_car-engine-1318","13":"pa_car-engine-10-e","14":"pa_car-engine-1320","15":"pa_car-engine-11-4x4","16":"pa_car-engine-11-cat","17":"pa_car-engine-1323","18":"pa_car-engine-14-4x4","19":"pa_car-engine-14-d","20":"pa_car-engine-15-d","21":"pa_car-makes-citroen","22":"pa_car-model-ax-za-_-07-1986-12-1998","23":"pa_car-year-481","24":"pa_car-year-482","25":"pa_car-year-483","26":"pa_car-year-484","27":"pa_car-year-485","28":"pa_car-year-471","29":"pa_car-year-472","30":"pa_car-year-459","31":"pa_car-year-34","32":"pa_car-year-460","33":"pa_car-year-461","34":"pa_car-year-462","35":"pa_car-year-35","37":"first","38":"instock","39":"taxable","40":"shipping-taxable","41":"purchasable","42":"product-type-simple"},"_links":{"self":[{"href":"https:\/\/piecesauto-express.com\/index.php\/wp-json\/wp\/v2\/product\/9306","targetHints":{"allow":["GET"]}}],"collection":[{"href":"https:\/\/piecesauto-express.com\/index.php\/wp-json\/wp\/v2\/product"}],"about":[{"href":"https:\/\/piecesauto-express.com\/index.php\/wp-json\/wp\/v2\/types\/product"}],"replies":[{"embeddable":true,"href":"https:\/\/piecesauto-express.com\/index.php\/wp-json\/wp\/v2\/comments?post=9306"}],"wp:featuredmedia":[{"embeddable":true,"href":"https:\/\/piecesauto-express.com\/index.php\/wp-json\/wp\/v2\/media\/9307"}],"wp:attachment":[{"href":"https:\/\/piecesauto-express.com\/index.php\/wp-json\/wp\/v2\/media?parent=9306"}],"wp:term":[{"taxonomy":"product_cat","embeddable":true,"href":"https:\/\/piecesauto-express.com\/index.php\/wp-json\/wp\/v2\/product_cat?post=9306"},{"taxonomy":"product_tag","embeddable":true,"href":"https:\/\/piecesauto-express.com\/index.php\/wp-json\/wp\/v2\/product_tag?post=9306"}],"curies":[{"name":"wp","href":"https:\/\/api.w.org\/{rel}","templated":true}]}}