{"id":9369,"date":"2025-12-10T16:57:48","date_gmt":"2025-12-10T15:57:48","guid":{"rendered":"https:\/\/piecesauto-express.com\/?post_type=product&#038;p=9369"},"modified":"2025-12-12T16:51:01","modified_gmt":"2025-12-12T15:51:01","slug":"cremaillere-de-direction-citroen-ax","status":"publish","type":"product","link":"https:\/\/piecesauto-express.com\/index.php\/product\/cremaillere-de-direction-citroen-ax\/","title":{"rendered":"Cr\u00e9maill\u00e8re De Direction Citro\u00ebn AX"},"content":{"rendered":"<p><img decoding=\"async\" class=\"\" src=\"https:\/\/digital-assets.tecalliance.services\/images\/200\/91e6c89febf928f083d535b1060d6629a4ad27ec.jpg\" alt=\"FARE SA\" width=\"80\" height=\"55\" \/><\/p>\n<ul>\n<li><strong>REFERENCE<\/strong> : DP007<\/li>\n<li><strong>FABRICANT<\/strong> : FARE (SPAIN)<\/li>\n<li><strong>CITRO\u00cbN OEM<\/strong> : 95619459 , 95659460<\/li>\n<\/ul>\n<p>&nbsp;<\/p>\n<p>&nbsp;<\/p>\n","protected":false},"excerpt":{"rendered":"<p><img decoding=\"async\" class=\"\" src=\"https:\/\/digital-assets.tecalliance.services\/images\/200\/91e6c89febf928f083d535b1060d6629a4ad27ec.jpg\" alt=\"FARE SA\" width=\"80\" height=\"55\" \/><\/p>\n<p>&nbsp;<\/p>\n<p><strong>Compatibilit\u00e9<\/strong>\u00a0:<\/p>\n<ul>\n<li>Citro\u00ebn : AX (ZA-_) (07\/1986-&gt;12\/1998)<\/li>\n<\/ul>\n<p><strong>Attributs de l\u2019article\u00a0<\/strong>:<\/p>\n<ul>\n<li>Type de fonctionnement : manuel, m\u00e9canique<\/li>\n<li>Pour v\u00e9hicules avec direction \u00e0 gauche<\/li>\n<li>Longueur globale [mm] : 590<\/li>\n<li>Longueur 1\/Longueur 2 [mm] : stroke = 160<\/li>\n<li>Nombre de tours de volant : 3,5<\/li>\n<li>Type de connecteur, arbre d\u2019entr\u00e9e : \u00e0 dents<\/li>\n<li>Nombre de dents arbre d&rsquo;entr\u00e9e : 28<\/li>\n<li>Diam\u00e8tre de l\u2019arbre d\u2019entr\u00e9e [mm] : 14,4<\/li>\n<li>Hauteur de l\u2019arbre d\u2019entr\u00e9e [mm] : 57<\/li>\n<li>Espace entre les trous de fixation [mm] : 276<\/li>\n<\/ul>\n","protected":false},"featured_media":9370,"comment_status":"open","ping_status":"closed","template":"","meta":[],"product_cat":[550,265],"product_tag":[1298],"class_list":{"0":"post-9369","1":"product","2":"type-product","3":"status-publish","4":"has-post-thumbnail","6":"product_brand-citroen","7":"product_cat-direction","8":"product_cat-cremaillere-de-direction","9":"product_tag-cremaillere","10":"pa_car-engine-1-3-sport","11":"pa_car-engine-1-4-gti","12":"pa_car-engine-1318","13":"pa_car-engine-10-e","14":"pa_car-engine-1320","15":"pa_car-engine-11-4x4","16":"pa_car-engine-11-cat","17":"pa_car-engine-1323","18":"pa_car-engine-14-4x4","19":"pa_car-engine-14-d","20":"pa_car-engine-15-d","21":"pa_car-makes-citroen","22":"pa_car-model-ax-za-_-07-1986-12-1998","23":"pa_car-year-481","24":"pa_car-year-482","25":"pa_car-year-483","26":"pa_car-year-484","27":"pa_car-year-485","28":"pa_car-year-471","29":"pa_car-year-472","30":"pa_car-year-459","31":"pa_car-year-34","32":"pa_car-year-460","33":"pa_car-year-461","34":"pa_car-year-462","35":"pa_car-year-35","37":"first","38":"instock","39":"taxable","40":"shipping-taxable","41":"purchasable","42":"product-type-simple"},"_links":{"self":[{"href":"https:\/\/piecesauto-express.com\/index.php\/wp-json\/wp\/v2\/product\/9369","targetHints":{"allow":["GET"]}}],"collection":[{"href":"https:\/\/piecesauto-express.com\/index.php\/wp-json\/wp\/v2\/product"}],"about":[{"href":"https:\/\/piecesauto-express.com\/index.php\/wp-json\/wp\/v2\/types\/product"}],"replies":[{"embeddable":true,"href":"https:\/\/piecesauto-express.com\/index.php\/wp-json\/wp\/v2\/comments?post=9369"}],"wp:featuredmedia":[{"embeddable":true,"href":"https:\/\/piecesauto-express.com\/index.php\/wp-json\/wp\/v2\/media\/9370"}],"wp:attachment":[{"href":"https:\/\/piecesauto-express.com\/index.php\/wp-json\/wp\/v2\/media?parent=9369"}],"wp:term":[{"taxonomy":"product_cat","embeddable":true,"href":"https:\/\/piecesauto-express.com\/index.php\/wp-json\/wp\/v2\/product_cat?post=9369"},{"taxonomy":"product_tag","embeddable":true,"href":"https:\/\/piecesauto-express.com\/index.php\/wp-json\/wp\/v2\/product_tag?post=9369"}],"curies":[{"name":"wp","href":"https:\/\/api.w.org\/{rel}","templated":true}]}}