{"id":9412,"date":"2025-12-12T12:28:50","date_gmt":"2025-12-12T11:28:50","guid":{"rendered":"https:\/\/piecesauto-express.com\/?post_type=product&#038;p=9412"},"modified":"2025-12-20T10:41:28","modified_gmt":"2025-12-20T09:41:28","slug":"cremaillere-de-direction-citroen-berlingo-xsara-zx-manuel-avec-rotules","status":"publish","type":"product","link":"https:\/\/piecesauto-express.com\/index.php\/product\/cremaillere-de-direction-citroen-berlingo-xsara-zx-manuel-avec-rotules\/","title":{"rendered":"Cr\u00e9maill\u00e8re De Direction Citro\u00ebn Berlingo \/ Xsara \/ ZX (Manuel) (Avec Rotules)"},"content":{"rendered":"<p><img decoding=\"async\" class=\"\" src=\"https:\/\/piecesauto-express.com\/wp-content\/uploads\/2025\/12\/Design-sans-titre-16-pdf.jpg\" width=\"130\" height=\"73\" \/><\/p>\n<ul>\n<li><strong>REFERENCE<\/strong> : ST8464<\/li>\n<li><strong>FABRICANT<\/strong>\u00a0: STAMAT (ITALY)<\/li>\n<li><strong>CITRO\u00cbN OEM<\/strong> :\u00a0<span class=\"mdc-list-item__content\"><span class=\"mat-mdc-list-item-unscoped-content mdc-list-item__primary-text\">1617935580 , <\/span><\/span><span class=\"mdc-list-item__content\"><span class=\"mat-mdc-list-item-unscoped-content mdc-list-item__primary-text\">4000AA , <\/span><\/span><span class=\"mdc-list-item__content\"><span class=\"mat-mdc-list-item-unscoped-content mdc-list-item__primary-text\">4000S0 , <\/span><\/span><span class=\"mdc-list-item__content\"><span class=\"mat-mdc-list-item-unscoped-content mdc-list-item__primary-text\">4000S2 , <\/span><\/span><span class=\"mdc-list-item__content\"><span class=\"mat-mdc-list-item-unscoped-content mdc-list-item__primary-text\">9451114580 , <\/span><\/span><span class=\"mdc-list-item__content\"><span class=\"mat-mdc-list-item-unscoped-content mdc-list-item__primary-text\">9801963080<\/span><\/span><\/li>\n<li><strong>PEUGEOT OEM<\/strong> : <span class=\"mdc-list-item__content\"><span class=\"mat-mdc-list-item-unscoped-content mdc-list-item__primary-text\">1617935580 , <\/span><\/span><span class=\"mdc-list-item__content\"><span class=\"mat-mdc-list-item-unscoped-content mdc-list-item__primary-text\">4000AA , <\/span><\/span><span class=\"mdc-list-item__content\"><span class=\"mat-mdc-list-item-unscoped-content mdc-list-item__primary-text\">4000S0 , <\/span><\/span><span class=\"mdc-list-item__content\"><span class=\"mat-mdc-list-item-unscoped-content mdc-list-item__primary-text\">4000S2 , <\/span><\/span><span class=\"mdc-list-item__content\"><span class=\"mat-mdc-list-item-unscoped-content mdc-list-item__primary-text\">9451114580 , <\/span><\/span><span class=\"mdc-list-item__content\"><span class=\"mat-mdc-list-item-unscoped-content mdc-list-item__primary-text\">9801963080<\/span><\/span><\/li>\n<\/ul>\n","protected":false},"excerpt":{"rendered":"<p><img decoding=\"async\" class=\"\" src=\"https:\/\/piecesauto-express.com\/wp-content\/uploads\/2025\/12\/Design-sans-titre-16-pdf.jpg\" width=\"130\" height=\"73\" \/><\/p>\n<p><strong>Compatibilit\u00e9<\/strong>\u00a0:<\/p>\n<ul>\n<li>Citro\u00ebn : Berlingo (M49) ((07\/1996-&gt;10\/2002)<\/li>\n<li>Citro\u00ebn : Xsara (N1) (04\/1997-&gt;10\/2005)<\/li>\n<li>Citro\u00ebn : Xsara Break (N2) (10\/1997-&gt;08\/2005)<\/li>\n<li>Citro\u00ebn : Xsara Coup\u00e9 (N0) (01\/1998-&gt;04\/2005)<\/li>\n<li>Citro\u00ebn : ZX (N2) (03\/1991-&gt;07\/1999)<\/li>\n<li>Citro\u00ebn : ZX Break (N2) (10\/1993-&gt;07\/1999)<\/li>\n<\/ul>\n<p><strong>Attributs de l\u2019article<\/strong>\u00a0:<\/p>\n<ul>\n<li>Type de fonctionnement : manuel, m\u00e9canique<\/li>\n<li>Pour v\u00e9hicules avec direction \u00e0 gauche<\/li>\n<li>Longueur globale [mm] : 1175<\/li>\n<li>Longueur 1\/Longueur 2 [mm] : stroke = 145<\/li>\n<li>Nombre de tours de volant :\u00a04,5<\/li>\n<li>Type de connecteur, arbre d\u2019entr\u00e9e :\u00a0carr\u00e9<\/li>\n<li>Diam\u00e8tre de l\u2019arbre d\u2019entr\u00e9e [mm] :\u00a018,5<\/li>\n<li>Hauteur de l\u2019arbre d\u2019entr\u00e9e [mm] : 66<\/li>\n<li>Filetage rotule :\u00a0M14x1,5<\/li>\n<li>Rotule al\u00e9sage\/filetage :\u00a0avec filetage int\u00e9rieur\/taraudage<\/li>\n<li>Espace entre les trous de fixation [mm] : 190<\/li>\n<li>Information compl\u00e9mentaire : avec 2 rotules de direction<\/li>\n<\/ul>\n<p>&nbsp;<\/p>\n","protected":false},"featured_media":9403,"comment_status":"open","ping_status":"closed","template":"","meta":[],"product_cat":[550,265],"product_tag":[1298],"class_list":{"0":"post-9412","1":"product","2":"type-product","3":"status-publish","4":"has-post-thumbnail","6":"product_brand-citroen","7":"product_cat-direction","8":"product_cat-cremaillere-de-direction","9":"product_tag-cremaillere","10":"pa_car-engine-1-1","11":"pa_car-engine-1-4","12":"pa_car-engine-1-6","13":"pa_car-engine-1-8","14":"pa_car-engine-1-8-d","15":"pa_car-engine-1-9","16":"pa_car-engine-1-9-d","17":"pa_car-engine-1-9-td","18":"pa_car-engine-2-0","19":"pa_car-engine-2-0-16v","20":"pa_car-engine-2-0-hdi","21":"pa_car-engine-2-0-st","22":"pa_car-makes-citroen","23":"pa_car-model-berlingo-m49-07-1996-10-2002","24":"pa_car-model-xsara-n1-04-1997-12-2005","25":"pa_car-model-xsara-break-n2-10-1997-03-2010","26":"pa_car-model-xsara-coupe-n0-01-1998-04-2005","27":"pa_car-model-zx-n2-03-1991-07-1999","28":"pa_car-model-zx-break-n2-10-1993-07-1999","29":"pa_car-year-471","30":"pa_car-year-472","31":"pa_car-year-459","32":"pa_car-year-34","33":"pa_car-year-460","34":"pa_car-year-461","35":"pa_car-year-462","36":"pa_car-year-35","37":"pa_car-year-390","38":"pa_car-year-391","39":"pa_car-year-377","40":"pa_car-year-36","41":"pa_car-year-385","42":"pa_car-year-392","43":"pa_car-year-373","45":"first","46":"instock","47":"taxable","48":"shipping-taxable","49":"purchasable","50":"product-type-simple"},"_links":{"self":[{"href":"https:\/\/piecesauto-express.com\/index.php\/wp-json\/wp\/v2\/product\/9412","targetHints":{"allow":["GET"]}}],"collection":[{"href":"https:\/\/piecesauto-express.com\/index.php\/wp-json\/wp\/v2\/product"}],"about":[{"href":"https:\/\/piecesauto-express.com\/index.php\/wp-json\/wp\/v2\/types\/product"}],"replies":[{"embeddable":true,"href":"https:\/\/piecesauto-express.com\/index.php\/wp-json\/wp\/v2\/comments?post=9412"}],"wp:featuredmedia":[{"embeddable":true,"href":"https:\/\/piecesauto-express.com\/index.php\/wp-json\/wp\/v2\/media\/9403"}],"wp:attachment":[{"href":"https:\/\/piecesauto-express.com\/index.php\/wp-json\/wp\/v2\/media?parent=9412"}],"wp:term":[{"taxonomy":"product_cat","embeddable":true,"href":"https:\/\/piecesauto-express.com\/index.php\/wp-json\/wp\/v2\/product_cat?post=9412"},{"taxonomy":"product_tag","embeddable":true,"href":"https:\/\/piecesauto-express.com\/index.php\/wp-json\/wp\/v2\/product_tag?post=9412"}],"curies":[{"name":"wp","href":"https:\/\/api.w.org\/{rel}","templated":true}]}}