{"id":9456,"date":"2025-12-15T12:38:10","date_gmt":"2025-12-15T11:38:10","guid":{"rendered":"https:\/\/piecesauto-express.com\/?post_type=product&#038;p=9456"},"modified":"2025-12-15T18:28:55","modified_gmt":"2025-12-15T17:28:55","slug":"pompe-a-eau-renault-19-express-super5-essence-complet","status":"publish","type":"product","link":"https:\/\/piecesauto-express.com\/index.php\/product\/pompe-a-eau-renault-19-express-super5-essence-complet\/","title":{"rendered":"Pompe \u00c0 Eau Renault 19 \/ Express \/ Super5 Essence Complet"},"content":{"rendered":"<p><img decoding=\"async\" class=\"\" src=\"https:\/\/www.piecesautos.tn\/static\/equipementier_pics\/150X150\/150X150Graf.jpeg\" width=\"80\" height=\"54\" \/><\/p>\n<ul>\n<li><strong>REFERENCE<\/strong> : PA595<\/li>\n<li><strong>FABRICANT<\/strong>\u00a0: GRAF<\/li>\n<li><strong>RENAULT OEM<\/strong> : <span class=\"mdc-list-item__content\"><span class=\"mat-mdc-list-item-unscoped-content mdc-list-item__primary-text\">7701462145 , <\/span><\/span><span class=\"mdc-list-item__content\"><span class=\"mat-mdc-list-item-unscoped-content mdc-list-item__primary-text\">7701462491 , <\/span><\/span><span class=\"mdc-list-item__content\"><span class=\"mat-mdc-list-item-unscoped-content mdc-list-item__primary-text\">7701463377 , <\/span><\/span><span class=\"mdc-list-item__content\"><span class=\"mat-mdc-list-item-unscoped-content mdc-list-item__primary-text\">7701466419<\/span><\/span><\/li>\n<\/ul>\n<p>&nbsp;<\/p>\n","protected":false},"excerpt":{"rendered":"<p><img decoding=\"async\" class=\"\" src=\"https:\/\/www.piecesautos.tn\/static\/equipementier_pics\/150X150\/150X150Graf.jpeg\" width=\"80\" height=\"54\" \/><\/p>\n<p><strong>Compatibilit\u00e9<\/strong>\u00a0:<\/p>\n<ul>\n<li>Renault : 9 (L42_) (09\/1981-&gt;12\/1989) 1.1, 1.2, 1.4<\/li>\n<li>Renault : 11 (B\/C37_) (03\/1983-&gt;07\/1989) 1.0, 1.2, 1.4<\/li>\n<li>Renault : 19 I (B\/C\/L538) (01\/1988-&gt;04\/1992) 1.2, 1.4<\/li>\n<li>Renault : 19 II (B\/C\/L53_) (04\/1992-&gt;06\/2001) 1.2, 1.4<\/li>\n<li>Renault : 21 Coup\u00e9 (B48_) (09\/1989-&gt;05\/1993) 1.4<\/li>\n<li>Renault : Clio I (B\/C57_, 5\/357_) (01\/1990-&gt;09\/1998) 1.1<\/li>\n<li>Renault : Express (F40_, G40_) (07\/1985-&gt;03\/1998) 1.0, 1.1, 1.2, 1.4<\/li>\n<li>Renault : Super5 (B\/C40_) (2_) (10\/1984-&gt;12\/1996) 1.0, 1.1, 1.2, 1.4<\/li>\n<\/ul>\n<p><strong>Attributs de l\u2019article<\/strong>\u00a0:<\/p>\n<ul>\n<li>Type de fonctionnement :\u00a0m\u00e9canique<\/li>\n<li>Info compl\u00e9mentaire 1 : avec couvercle<\/li>\n<li>Info compl\u00e9mentaire 2 : avec joint d\u2019\u00e9tanch\u00e9it\u00e9<\/li>\n<li>Nombre d&rsquo;ailettes\/d&rsquo;aubes : 5<\/li>\n<li>Diam\u00e8tre de la poulie de la pompe \u00e0 eau [mm] : 144<\/li>\n<li>Diam\u00e8tre de la roue \u00e0 aubes [mm] : 67<\/li>\n<li>Mat\u00e9riau turbine de la pompe \u00e0 eau : M\u00e9tal<\/li>\n<\/ul>\n","protected":false},"featured_media":9458,"comment_status":"open","ping_status":"closed","template":"","meta":[],"product_cat":[521,221,291],"product_tag":[627],"class_list":{"0":"post-9456","1":"product","2":"type-product","3":"status-publish","4":"has-post-thumbnail","6":"product_brand-renault","7":"product_cat-moteur","8":"product_cat-refroidissement-moteur","9":"product_cat-pompe-a-eau","10":"product_tag-pompe-a-eau","11":"pa_car-engine-1-0","12":"pa_car-engine-1-1","13":"pa_car-engine-1-2","14":"pa_car-engine-1-4","15":"pa_car-makes-renault","16":"pa_car-model-clio-chipie","17":"pa_car-model-express","18":"pa_car-model-r11","19":"pa_car-model-r19","20":"pa_car-model-r19-ii","21":"pa_car-model-r21-coupe-b48_-07-1989-06-1994","22":"pa_car-model-r9","23":"pa_car-model-super5","24":"pa_car-year-574","25":"pa_car-year-575","26":"pa_car-year-576","27":"pa_car-year-577","28":"pa_car-year-480","29":"pa_car-year-481","30":"pa_car-year-482","31":"pa_car-year-483","32":"pa_car-year-484","33":"pa_car-year-485","34":"pa_car-year-471","35":"pa_car-year-472","36":"pa_car-year-459","37":"pa_car-year-34","38":"pa_car-year-460","39":"pa_car-year-461","40":"pa_car-year-462","41":"pa_car-year-35","42":"pa_car-year-390","43":"pa_car-year-391","44":"pa_car-year-377","46":"first","47":"instock","48":"taxable","49":"shipping-taxable","50":"purchasable","51":"product-type-simple"},"_links":{"self":[{"href":"https:\/\/piecesauto-express.com\/index.php\/wp-json\/wp\/v2\/product\/9456","targetHints":{"allow":["GET"]}}],"collection":[{"href":"https:\/\/piecesauto-express.com\/index.php\/wp-json\/wp\/v2\/product"}],"about":[{"href":"https:\/\/piecesauto-express.com\/index.php\/wp-json\/wp\/v2\/types\/product"}],"replies":[{"embeddable":true,"href":"https:\/\/piecesauto-express.com\/index.php\/wp-json\/wp\/v2\/comments?post=9456"}],"wp:featuredmedia":[{"embeddable":true,"href":"https:\/\/piecesauto-express.com\/index.php\/wp-json\/wp\/v2\/media\/9458"}],"wp:attachment":[{"href":"https:\/\/piecesauto-express.com\/index.php\/wp-json\/wp\/v2\/media?parent=9456"}],"wp:term":[{"taxonomy":"product_cat","embeddable":true,"href":"https:\/\/piecesauto-express.com\/index.php\/wp-json\/wp\/v2\/product_cat?post=9456"},{"taxonomy":"product_tag","embeddable":true,"href":"https:\/\/piecesauto-express.com\/index.php\/wp-json\/wp\/v2\/product_tag?post=9456"}],"curies":[{"name":"wp","href":"https:\/\/api.w.org\/{rel}","templated":true}]}}