{"id":9478,"date":"2025-12-15T17:58:18","date_gmt":"2025-12-15T16:58:18","guid":{"rendered":"https:\/\/piecesauto-express.com\/?post_type=product&#038;p=9478"},"modified":"2025-12-16T17:07:29","modified_gmt":"2025-12-16T16:07:29","slug":"revetement-avant-renault-clio-ii-symbol","status":"publish","type":"product","link":"https:\/\/piecesauto-express.com\/index.php\/product\/revetement-avant-renault-clio-ii-symbol\/","title":{"rendered":"Rev\u00eatement Avant Renault Clio II \/ Symbol I (7751473225)"},"content":{"rendered":"<p><img decoding=\"async\" class=\"\" src=\"https:\/\/www.piecesautos.tn\/static\/equipementier_pics\/150X150\/150X150oran.png\" width=\"115\" height=\"32\" \/><\/p>\n<ul>\n<li><strong>REFERENCE<\/strong> : 273470<\/li>\n<li><strong>FABRICANT<\/strong> : ORAN<\/li>\n<li><strong>RENAULT OEM<\/strong> : 7751473225 , 7782789851<\/li>\n<\/ul>\n<p>&nbsp;<\/p>\n","protected":false},"excerpt":{"rendered":"<p><img decoding=\"async\" class=\"\" src=\"https:\/\/www.piecesautos.tn\/static\/equipementier_pics\/150X150\/150X150oran.png\" width=\"115\" height=\"32\" \/><\/p>\n<p><strong>Compatibilit\u00e9<\/strong>\u00a0:<\/p>\n<ul>\n<li>Renault : Clio II (BB0\/1\/2_) (Phase 2) (04\/2001-&gt;)<\/li>\n<li>Renault : Clio Classic (LB0\/1\/2_) (Phase 2) (04\/2001)<\/li>\n<li>Renault : Clio Campus (BB1\/2\/3\/8_) (07\/2006-&gt;2012)<\/li>\n<li>Renault : Symbol (LU1\/2_) (09\/2008-&gt;2013)<\/li>\n<\/ul>\n<p><strong>Attributs de l&rsquo;article<\/strong> :<\/p>\n<ul>\n<li>C\u00f4t\u00e9 d\u2019assemblage : avant<\/li>\n<li>Mat\u00e9riel du t\u00f4le : pi\u00e8ce compl\u00e8te<\/li>\n<\/ul>\n<p>&nbsp;<\/p>\n","protected":false},"featured_media":9479,"comment_status":"open","ping_status":"closed","template":"","meta":[],"product_cat":[220,1004,584],"product_tag":[1010],"class_list":{"0":"post-9478","1":"product","2":"type-product","3":"status-publish","4":"has-post-thumbnail","6":"product_brand-renault","7":"product_cat-carosserie","8":"product_cat-revetement-avant","9":"product_cat-traverse","10":"product_tag-armature","11":"pa_car-engine-1-2","12":"pa_car-engine-1-2-16v","13":"pa_car-engine-1-4","14":"pa_car-engine-1-4-16v","15":"pa_car-engine-1-5-dci","16":"pa_car-engine-1-6","17":"pa_car-engine-1-6-16v","18":"pa_car-engine-1-9-d","19":"pa_car-engine-2-0-16v","20":"pa_car-makes-renault","21":"pa_car-model-campus","22":"pa_car-model-clio-classic","23":"pa_car-model-clio-ii","24":"pa_car-model-symbol-i","25":"pa_car-year-377","26":"pa_car-year-36","27":"pa_car-year-385","28":"pa_car-year-392","29":"pa_car-year-373","30":"pa_car-year-413","31":"pa_car-year-420","32":"pa_car-year-421","33":"pa_car-year-438","34":"pa_car-year-439","35":"pa_car-year-440","36":"pa_car-year-441","37":"pa_car-year-442","39":"first","40":"instock","41":"taxable","42":"shipping-taxable","43":"purchasable","44":"product-type-simple"},"_links":{"self":[{"href":"https:\/\/piecesauto-express.com\/index.php\/wp-json\/wp\/v2\/product\/9478","targetHints":{"allow":["GET"]}}],"collection":[{"href":"https:\/\/piecesauto-express.com\/index.php\/wp-json\/wp\/v2\/product"}],"about":[{"href":"https:\/\/piecesauto-express.com\/index.php\/wp-json\/wp\/v2\/types\/product"}],"replies":[{"embeddable":true,"href":"https:\/\/piecesauto-express.com\/index.php\/wp-json\/wp\/v2\/comments?post=9478"}],"wp:featuredmedia":[{"embeddable":true,"href":"https:\/\/piecesauto-express.com\/index.php\/wp-json\/wp\/v2\/media\/9479"}],"wp:attachment":[{"href":"https:\/\/piecesauto-express.com\/index.php\/wp-json\/wp\/v2\/media?parent=9478"}],"wp:term":[{"taxonomy":"product_cat","embeddable":true,"href":"https:\/\/piecesauto-express.com\/index.php\/wp-json\/wp\/v2\/product_cat?post=9478"},{"taxonomy":"product_tag","embeddable":true,"href":"https:\/\/piecesauto-express.com\/index.php\/wp-json\/wp\/v2\/product_tag?post=9478"}],"curies":[{"name":"wp","href":"https:\/\/api.w.org\/{rel}","templated":true}]}}