{"id":9695,"date":"2025-12-26T10:21:50","date_gmt":"2025-12-26T09:21:50","guid":{"rendered":"https:\/\/piecesauto-express.com\/?post_type=product&#038;p=9695"},"modified":"2025-12-26T18:25:50","modified_gmt":"2025-12-26T17:25:50","slug":"revetement-avant-dacia-logan-2004-2012-6001546919","status":"publish","type":"product","link":"https:\/\/piecesauto-express.com\/index.php\/product\/revetement-avant-dacia-logan-2004-2012-6001546919\/","title":{"rendered":"Rev\u00eatement Avant Dacia Logan (2004->2012) 6001546919"},"content":{"rendered":"<p><img decoding=\"async\" class=\"\" src=\"https:\/\/www.piecesautos.tn\/static\/equipementier_pics\/150X150\/150X150PRASCO.png\" width=\"105\" height=\"24\" \/><\/p>\n<ul>\n<li><strong>REFERENCE<\/strong> : DA3203210<\/li>\n<li><strong>FABRICANT<\/strong> : PRASCO<\/li>\n<li><strong>RENAULT OEM<\/strong> : 6001546919<\/li>\n<\/ul>\n","protected":false},"excerpt":{"rendered":"<p><img decoding=\"async\" class=\"\" src=\"https:\/\/www.piecesautos.tn\/static\/equipementier_pics\/150X150\/150X150PRASCO.png\" width=\"105\" height=\"24\" \/><\/p>\n<p><strong>Compatibilit\u00e9<\/strong> :<\/p>\n<ul>\n<li>Dacia : Logan (LS_) (08\/2004-&gt;)<\/li>\n<li>Dacia : Logan Express (FS_) (10\/2007-&gt;)<\/li>\n<li>Dacia : Logan MCV (KS_) (02\/2007-&gt;)<\/li>\n<li>Dacia : Logan Pick-up (US_) (03\/2008-&gt;)<\/li>\n<\/ul>\n<p><strong>Attributs de l&rsquo;article<\/strong> :<\/p>\n<ul>\n<li>C\u00f4t\u00e9 d\u2019assemblage : avant<\/li>\n<li>Section : partie sup\u00e9rieur<\/li>\n<li>Mat\u00e9riel du t\u00f4le : pi\u00e8ce compl\u00e8te<\/li>\n<\/ul>\n","protected":false},"featured_media":9696,"comment_status":"closed","ping_status":"closed","template":"","meta":[],"product_cat":[220,1004,584],"product_tag":[1010],"class_list":{"0":"post-9695","1":"product","2":"type-product","3":"status-publish","4":"has-post-thumbnail","6":"product_brand-dacia","7":"product_cat-carosserie","8":"product_cat-revetement-avant","9":"product_cat-traverse","10":"product_tag-armature","11":"pa_car-engine-1-2-16v","12":"pa_car-engine-1-2-16v-lpg","13":"pa_car-engine-1-4","14":"pa_car-engine-1-5-dci","15":"pa_car-engine-1-6","16":"pa_car-engine-1-6-16v","17":"pa_car-engine-1-6-lpg","18":"pa_car-engine-1-6-mpi","19":"pa_car-makes-dacia","20":"pa_car-model-logan-express","21":"pa_car-model-logan","22":"pa_car-model-logan-mcv-i","23":"pa_car-model-logan-pick-up","24":"pa_car-year-392","25":"pa_car-year-373","26":"pa_car-year-413","27":"pa_car-year-420","28":"pa_car-year-421","29":"pa_car-year-438","30":"pa_car-year-439","31":"pa_car-year-440","32":"pa_car-year-441","34":"first","35":"instock","36":"taxable","37":"shipping-taxable","38":"purchasable","39":"product-type-simple"},"_links":{"self":[{"href":"https:\/\/piecesauto-express.com\/index.php\/wp-json\/wp\/v2\/product\/9695","targetHints":{"allow":["GET"]}}],"collection":[{"href":"https:\/\/piecesauto-express.com\/index.php\/wp-json\/wp\/v2\/product"}],"about":[{"href":"https:\/\/piecesauto-express.com\/index.php\/wp-json\/wp\/v2\/types\/product"}],"replies":[{"embeddable":true,"href":"https:\/\/piecesauto-express.com\/index.php\/wp-json\/wp\/v2\/comments?post=9695"}],"wp:featuredmedia":[{"embeddable":true,"href":"https:\/\/piecesauto-express.com\/index.php\/wp-json\/wp\/v2\/media\/9696"}],"wp:attachment":[{"href":"https:\/\/piecesauto-express.com\/index.php\/wp-json\/wp\/v2\/media?parent=9695"}],"wp:term":[{"taxonomy":"product_cat","embeddable":true,"href":"https:\/\/piecesauto-express.com\/index.php\/wp-json\/wp\/v2\/product_cat?post=9695"},{"taxonomy":"product_tag","embeddable":true,"href":"https:\/\/piecesauto-express.com\/index.php\/wp-json\/wp\/v2\/product_tag?post=9695"}],"curies":[{"name":"wp","href":"https:\/\/api.w.org\/{rel}","templated":true}]}}