{"id":9714,"date":"2025-12-26T17:12:08","date_gmt":"2025-12-26T16:12:08","guid":{"rendered":"https:\/\/piecesauto-express.com\/?post_type=product&#038;p=9714"},"modified":"2025-12-26T18:19:09","modified_gmt":"2025-12-26T17:19:09","slug":"revetement-avant-renault-21-1986-1997-7750761454","status":"publish","type":"product","link":"https:\/\/piecesauto-express.com\/index.php\/product\/revetement-avant-renault-21-1986-1997-7750761454\/","title":{"rendered":"Rev\u00eatement Avant Renault 21 (1986->1995) 7750761454"},"content":{"rendered":"<p><img decoding=\"async\" class=\"\" src=\"https:\/\/www.piecesautos.tn\/static\/equipementier_pics\/150X150\/150X150oran.png\" width=\"97\" height=\"27\" \/><\/p>\n<ul>\n<li><strong>REFERENCE<\/strong> : 260470<\/li>\n<li><strong>FABRICANT<\/strong> : ORAN<\/li>\n<li><strong>RENAULT OEM<\/strong> : 7750761454<\/li>\n<\/ul>\n","protected":false},"excerpt":{"rendered":"<p><img decoding=\"async\" class=\"\" src=\"https:\/\/www.piecesautos.tn\/static\/equipementier_pics\/150X150\/150X150oran.png\" width=\"97\" height=\"27\" \/><\/p>\n<p><strong>Compatibilit\u00e9<\/strong>\u00a0:<\/p>\n<ul>\n<li>Renault : 21 Coup\u00e9 (B48_) (07\/1989-&gt;06\/1994)<\/li>\n<li>Renault : 21 A trois volumes (L48_) (03\/1986-&gt;07\/1997)<\/li>\n<li>Renault : 21 Nevada (K48_) (03\/1986-&gt;07\/1997)<\/li>\n<\/ul>\n<p><strong>Attributs de l\u2019article<\/strong>\u00a0:<\/p>\n<ul>\n<li>C\u00f4t\u00e9 d\u2019assemblage : avant<\/li>\n<li>Mat\u00e9riel du t\u00f4le : pi\u00e8ce compl\u00e8te avec logements<\/li>\n<li><span dir=\"auto\"><span dir=\"auto\">Poids [kg] : 3<\/span><\/span><span dir=\"auto\"><span dir=\"auto\">,250<\/span><\/span><\/li>\n<\/ul>\n","protected":false},"featured_media":9715,"comment_status":"closed","ping_status":"closed","template":"","meta":[],"product_cat":[220,1004,584],"product_tag":[1010],"class_list":{"0":"post-9714","1":"product","2":"type-product","3":"status-publish","4":"has-post-thumbnail","6":"product_brand-renault","7":"product_cat-carosserie","8":"product_cat-revetement-avant","9":"product_cat-traverse","10":"product_tag-armature","11":"pa_car-engine-1-7","12":"pa_car-engine-1-9-d","13":"pa_car-engine-2-1-d","14":"pa_car-engine-2-1-d-4x4","15":"pa_car-engine-2-1-td","16":"pa_car-engine-2-1-turbo-d","17":"pa_car-engine-2-2","18":"pa_car-makes-renault","19":"pa_car-model-r21","20":"pa_car-model-r21-coupe-b48_-07-1989-06-1994","21":"pa_car-model-r21-nevada","22":"pa_car-year-481","23":"pa_car-year-482","24":"pa_car-year-483","25":"pa_car-year-484","26":"pa_car-year-485","27":"pa_car-year-471","28":"pa_car-year-472","29":"pa_car-year-459","30":"pa_car-year-34","31":"pa_car-year-460","32":"pa_car-year-461","33":"pa_car-year-462","35":"first","36":"instock","37":"taxable","38":"shipping-taxable","39":"purchasable","40":"product-type-simple"},"_links":{"self":[{"href":"https:\/\/piecesauto-express.com\/index.php\/wp-json\/wp\/v2\/product\/9714","targetHints":{"allow":["GET"]}}],"collection":[{"href":"https:\/\/piecesauto-express.com\/index.php\/wp-json\/wp\/v2\/product"}],"about":[{"href":"https:\/\/piecesauto-express.com\/index.php\/wp-json\/wp\/v2\/types\/product"}],"replies":[{"embeddable":true,"href":"https:\/\/piecesauto-express.com\/index.php\/wp-json\/wp\/v2\/comments?post=9714"}],"wp:featuredmedia":[{"embeddable":true,"href":"https:\/\/piecesauto-express.com\/index.php\/wp-json\/wp\/v2\/media\/9715"}],"wp:attachment":[{"href":"https:\/\/piecesauto-express.com\/index.php\/wp-json\/wp\/v2\/media?parent=9714"}],"wp:term":[{"taxonomy":"product_cat","embeddable":true,"href":"https:\/\/piecesauto-express.com\/index.php\/wp-json\/wp\/v2\/product_cat?post=9714"},{"taxonomy":"product_tag","embeddable":true,"href":"https:\/\/piecesauto-express.com\/index.php\/wp-json\/wp\/v2\/product_tag?post=9714"}],"curies":[{"name":"wp","href":"https:\/\/api.w.org\/{rel}","templated":true}]}}