{"id":9722,"date":"2025-12-26T18:30:12","date_gmt":"2025-12-26T17:30:12","guid":{"rendered":"https:\/\/piecesauto-express.com\/?post_type=product&#038;p=9722"},"modified":"2025-12-26T18:39:33","modified_gmt":"2025-12-26T17:39:33","slug":"revetement-avant-citroen-saxo-1996-1999-7104a9","status":"publish","type":"product","link":"https:\/\/piecesauto-express.com\/index.php\/product\/revetement-avant-citroen-saxo-1996-1999-7104a9\/","title":{"rendered":"Rev\u00eatement Avant Citro\u00ebn Saxo (1996->1999) 7104A9"},"content":{"rendered":"<p><img decoding=\"async\" class=\"\" src=\"https:\/\/www.piecesautos.tn\/static\/equipementier_pics\/150X150\/150X150oran.png\" width=\"97\" height=\"27\" \/><\/p>\n<ul>\n<li><strong>REFERENCE<\/strong> : 655470<\/li>\n<li><strong>FABRICANT<\/strong> : ORAN<\/li>\n<li><strong>CITRO\u00cbN OEM<\/strong> : 7104A9<\/li>\n<\/ul>\n","protected":false},"excerpt":{"rendered":"<p><img decoding=\"async\" class=\"\" src=\"https:\/\/piecesauto-express.com\/wp-content\/uploads\/2025\/08\/Design-sans-titre-4-1-pdf.jpg\" width=\"87\" height=\"49\" \/><\/p>\n<p><strong>Compatibilit\u00e9<\/strong>\u00a0:<\/p>\n<ul>\n<li>Citro\u00ebn : Saxo (S0, S1) (Phase 1) (02\/1996-&gt;08\/1999)<\/li>\n<\/ul>\n<p><strong>Attributs de l\u2019article<\/strong>\u00a0:<\/p>\n<ul>\n<li>C\u00f4t\u00e9 d\u2019assemblage : avant<\/li>\n<li>Mat\u00e9riel du t\u00f4le : pi\u00e8ce compl\u00e8te<\/li>\n<li><span dir=\"auto\"><span dir=\"auto\">Poids [kg] : 2<\/span><\/span><span dir=\"auto\"><span dir=\"auto\">,500<\/span><\/span><\/li>\n<\/ul>\n","protected":false},"featured_media":9723,"comment_status":"closed","ping_status":"closed","template":"","meta":[],"product_cat":[220,1004,584],"product_tag":[1010],"class_list":{"0":"post-9722","1":"product","2":"type-product","3":"status-publish","4":"has-post-thumbnail","6":"product_brand-citroen","7":"product_cat-carosserie","8":"product_cat-revetement-avant","9":"product_cat-traverse","10":"product_tag-armature","11":"pa_car-engine-1-0","12":"pa_car-engine-1-1","13":"pa_car-engine-1-4","14":"pa_car-engine-1-4-vts","15":"pa_car-engine-1-5-d","16":"pa_car-engine-1-6","17":"pa_car-engine-1-6-vtl-vtr","18":"pa_car-engine-1-6-vts","19":"pa_car-makes-citroen","20":"pa_car-model-saxo","21":"pa_car-year-461","22":"pa_car-year-462","23":"pa_car-year-35","24":"pa_car-year-390","25":"pa_car-year-391","26":"pa_car-year-377","27":"pa_car-year-36","28":"pa_car-year-385","29":"pa_car-year-392","31":"first","32":"instock","33":"taxable","34":"shipping-taxable","35":"purchasable","36":"product-type-simple"},"_links":{"self":[{"href":"https:\/\/piecesauto-express.com\/index.php\/wp-json\/wp\/v2\/product\/9722","targetHints":{"allow":["GET"]}}],"collection":[{"href":"https:\/\/piecesauto-express.com\/index.php\/wp-json\/wp\/v2\/product"}],"about":[{"href":"https:\/\/piecesauto-express.com\/index.php\/wp-json\/wp\/v2\/types\/product"}],"replies":[{"embeddable":true,"href":"https:\/\/piecesauto-express.com\/index.php\/wp-json\/wp\/v2\/comments?post=9722"}],"wp:featuredmedia":[{"embeddable":true,"href":"https:\/\/piecesauto-express.com\/index.php\/wp-json\/wp\/v2\/media\/9723"}],"wp:attachment":[{"href":"https:\/\/piecesauto-express.com\/index.php\/wp-json\/wp\/v2\/media?parent=9722"}],"wp:term":[{"taxonomy":"product_cat","embeddable":true,"href":"https:\/\/piecesauto-express.com\/index.php\/wp-json\/wp\/v2\/product_cat?post=9722"},{"taxonomy":"product_tag","embeddable":true,"href":"https:\/\/piecesauto-express.com\/index.php\/wp-json\/wp\/v2\/product_tag?post=9722"}],"curies":[{"name":"wp","href":"https:\/\/api.w.org\/{rel}","templated":true}]}}